{"id":2177,"date":"2022-05-14T15:18:13","date_gmt":"2022-05-14T13:18:13","guid":{"rendered":"https:\/\/www.annaramseier.com\/?page_id=2177"},"modified":"2024-05-05T09:34:36","modified_gmt":"2024-05-05T07:34:36","slug":"contact","status":"publish","type":"page","link":"https:\/\/www.annaramseier.com\/de\/contact\/","title":{"rendered":"Kontakt"},"content":{"rendered":"<div data-elementor-type=\"wp-page\" data-elementor-id=\"2177\" class=\"elementor elementor-2177\" data-elementor-post-type=\"page\">\n\t\t\t\t\t\t<section class=\"elementor-section elementor-top-section elementor-element elementor-element-1aa719c8 elementor-section-boxed elementor-section-height-default elementor-section-height-default\" data-id=\"1aa719c8\" data-element_type=\"section\">\n\t\t\t\t\t\t<div class=\"elementor-container elementor-column-gap-default\">\n\t\t\t\t\t<div class=\"elementor-column elementor-col-100 elementor-top-column elementor-element elementor-element-76b89018\" data-id=\"76b89018\" data-element_type=\"column\">\n\t\t\t<div class=\"elementor-widget-wrap elementor-element-populated\">\n\t\t\t\t\t\t<div class=\"elementor-element elementor-element-557009e9 elementor-widget elementor-widget-spacer\" data-id=\"557009e9\" data-element_type=\"widget\" data-widget_type=\"spacer.default\">\n\t\t\t\t<div class=\"elementor-widget-container\">\n\t\t\t\t\t<div class=\"elementor-spacer\">\n\t\t\t<div class=\"elementor-spacer-inner\"><\/div>\n\t\t<\/div>\n\t\t\t\t<\/div>\n\t\t\t\t<\/div>\n\t\t\t\t<div class=\"elementor-element elementor-element-3250151e elementor-widget elementor-widget-heading\" data-id=\"3250151e\" data-element_type=\"widget\" data-widget_type=\"heading.default\">\n\t\t\t\t<div class=\"elementor-widget-container\">\n\t\t\t<h2 class=\"elementor-heading-title elementor-size-default\">Kontakt<\/h2>\t\t<\/div>\n\t\t\t\t<\/div>\n\t\t\t\t\t<\/div>\n\t\t<\/div>\n\t\t\t\t\t<\/div>\n\t\t<\/section>\n\t\t\t\t<section class=\"elementor-section elementor-top-section elementor-element elementor-element-57fc85d4 elementor-section-boxed elementor-section-height-default elementor-section-height-default\" data-id=\"57fc85d4\" data-element_type=\"section\">\n\t\t\t\t\t\t<div class=\"elementor-container elementor-column-gap-default\">\n\t\t\t\t\t<div class=\"elementor-column elementor-col-33 elementor-top-column elementor-element elementor-element-755a91b5\" data-id=\"755a91b5\" data-element_type=\"column\">\n\t\t\t<div class=\"elementor-widget-wrap\">\n\t\t\t\t\t\t\t<\/div>\n\t\t<\/div>\n\t\t\t\t<div class=\"elementor-column elementor-col-33 elementor-top-column elementor-element elementor-element-6272f726\" data-id=\"6272f726\" data-element_type=\"column\">\n\t\t\t<div class=\"elementor-widget-wrap elementor-element-populated\">\n\t\t\t\t\t\t<div class=\"elementor-element elementor-element-22c91762 elementor-widget elementor-widget-text-editor\" data-id=\"22c91762\" data-element_type=\"widget\" data-widget_type=\"text-editor.default\">\n\t\t\t\t<div class=\"elementor-widget-container\">\n\t\t\t\t\t\t\t<p style=\"text-align: center;\">\n<\/p><p style=\"text-align: center;\">\n<\/p><p style=\"text-align: center;\"><span style=\"color: var( --e-global-color-text ); font-family: var( --e-global-typography-secondary-font-family ), Sans-serif; font-size: 1rem; font-weight: var( --e-global-typography-secondary-font-weight ); background-color: var( --e-global-color-40de6da );\">&nbsp;<br>Ich freue mich sowohl \u00fcber Kunden als auch \u00fcber neue K\u00fcnstlerfreunde!<\/span><\/p>\n<p style=\"text-align: center;\"><span style=\"color: var( --e-global-color-text ); font-family: var( --e-global-typography-secondary-font-family ), Sans-serif; font-size: 1rem; font-weight: var( --e-global-typography-secondary-font-weight ); background-color: var( --e-global-color-40de6da );\">&nbsp;<\/span><\/p>\n<p style=\"text-align: center;\"><a style=\"font-family: var( --e-global-typography-secondary-font-family ), Sans-serif; font-weight: var( --e-global-typography-secondary-font-weight ); font-size: 1rem;\" href=\"mailto:info@annaramseier.com\">info@annaramseier.com<\/a><\/p>\n<p style=\"text-align: center;\"><span style=\"color: var( --e-global-color-text ); font-family: var( --e-global-typography-secondary-font-family ), Sans-serif; font-size: 1rem; font-weight: var( --e-global-typography-secondary-font-weight ); background-color: var( --e-global-color-40de6da );\">+41 76 462 58 13<\/span><\/p>\n<p style=\"text-align: center;\">\n<\/p><p style=\"text-align: center;\">Anna Ramseier<\/p>\n<p style=\"text-align: center;\">Lindenstrasse 3 |\u00a08305 | Dietlikon |\u00a0Schweiz<span style=\"color: var( --e-global-color-text ); font-family: var( --e-global-typography-secondary-font-family ), Sans-serif; font-size: 1rem; font-weight: var( --e-global-typography-secondary-font-weight ); background-color: var( --e-global-color-40de6da );\"><br><\/span><\/p>\n<p><\/p>\t\t\t\t\t\t<\/div>\n\t\t\t\t<\/div>\n\t\t\t\t<div class=\"elementor-element elementor-element-6f9ee18 elementor-shape-rounded elementor-grid-0 e-grid-align-center elementor-widget elementor-widget-social-icons\" data-id=\"6f9ee18\" data-element_type=\"widget\" data-widget_type=\"social-icons.default\">\n\t\t\t\t<div class=\"elementor-widget-container\">\n\t\t\t\t\t<div class=\"elementor-social-icons-wrapper elementor-grid\">\n\t\t\t\t\t\t\t<span class=\"elementor-grid-item\">\n\t\t\t\t\t<a class=\"elementor-icon elementor-social-icon elementor-social-icon-instagram elementor-repeater-item-f0ee17c\" href=\"https:\/\/www.instagram.com\/annaramseier\" target=\"_blank\">\n\t\t\t\t\t\t<span class=\"elementor-screen-only\">Instagram<\/span>\n\t\t\t\t\t\t<i class=\"fab fa-instagram\"><\/i>\t\t\t\t\t<\/a>\n\t\t\t\t<\/span>\n\t\t\t\t\t\t\t<span class=\"elementor-grid-item\">\n\t\t\t\t\t<a class=\"elementor-icon elementor-social-icon elementor-social-icon-artstation elementor-repeater-item-c2fb0d7\" href=\"https:\/\/www.artstation.com\/annaramseier\" target=\"_blank\">\n\t\t\t\t\t\t<span class=\"elementor-screen-only\">Artstation<\/span>\n\t\t\t\t\t\t<i class=\"fab fa-artstation\"><\/i>\t\t\t\t\t<\/a>\n\t\t\t\t<\/span>\n\t\t\t\t\t\t\t<span class=\"elementor-grid-item\">\n\t\t\t\t\t<a class=\"elementor-icon elementor-social-icon elementor-social-icon-youtube elementor-repeater-item-67871ce\" href=\"https:\/\/www.youtube.com\/@annaramseier4476\" target=\"_blank\">\n\t\t\t\t\t\t<span class=\"elementor-screen-only\">Youtube<\/span>\n\t\t\t\t\t\t<i class=\"fab fa-youtube\"><\/i>\t\t\t\t\t<\/a>\n\t\t\t\t<\/span>\n\t\t\t\t\t\t\t<span class=\"elementor-grid-item\">\n\t\t\t\t\t<a class=\"elementor-icon elementor-social-icon elementor-social-icon-linkedin elementor-repeater-item-43eabf4\" href=\"https:\/\/www.linkedin.com\/in\/anna-ramseier-85a804136\/\" target=\"_blank\">\n\t\t\t\t\t\t<span class=\"elementor-screen-only\">Linkedin<\/span>\n\t\t\t\t\t\t<i class=\"fab fa-linkedin\"><\/i>\t\t\t\t\t<\/a>\n\t\t\t\t<\/span>\n\t\t\t\t\t<\/div>\n\t\t\t\t<\/div>\n\t\t\t\t<\/div>\n\t\t\t\t\t<\/div>\n\t\t<\/div>\n\t\t\t\t<div class=\"elementor-column elementor-col-33 elementor-top-column elementor-element elementor-element-60be3c43\" data-id=\"60be3c43\" data-element_type=\"column\">\n\t\t\t<div class=\"elementor-widget-wrap\">\n\t\t\t\t\t\t\t<\/div>\n\t\t<\/div>\n\t\t\t\t\t<\/div>\n\t\t<\/section>\n\t\t\t\t<section class=\"elementor-section elementor-top-section elementor-element elementor-element-abce9ca elementor-section-boxed elementor-section-height-default elementor-section-height-default\" data-id=\"abce9ca\" data-element_type=\"section\">\n\t\t\t\t\t\t<div class=\"elementor-container elementor-column-gap-default\">\n\t\t\t\t\t<div class=\"elementor-column elementor-col-100 elementor-top-column elementor-element elementor-element-bbfaa51\" data-id=\"bbfaa51\" data-element_type=\"column\">\n\t\t\t<div class=\"elementor-widget-wrap\">\n\t\t\t\t\t\t\t<\/div>\n\t\t<\/div>\n\t\t\t\t\t<\/div>\n\t\t<\/section>\n\t\t\t\t<\/div>","protected":false},"excerpt":{"rendered":"<p>CONTACT &nbsp;I&#8217;m happy to connect with fellow artists and clients alike! &nbsp; info@annaramseier.com +41 76 462 58 13 Anna Ramseier Lindenstrasse 3 |&nbsp;8305 | Dietlikon |&nbsp;Switzerland Instagram Artstation Youtube Linkedin<\/p>","protected":false},"author":1,"featured_media":0,"parent":0,"menu_order":0,"comment_status":"closed","ping_status":"closed","template":"","meta":{"footnotes":""},"class_list":["post-2177","page","type-page","status-publish","hentry"],"_links":{"self":[{"href":"https:\/\/www.annaramseier.com\/de\/wp-json\/wp\/v2\/pages\/2177","targetHints":{"allow":["GET"]}}],"collection":[{"href":"https:\/\/www.annaramseier.com\/de\/wp-json\/wp\/v2\/pages"}],"about":[{"href":"https:\/\/www.annaramseier.com\/de\/wp-json\/wp\/v2\/types\/page"}],"author":[{"embeddable":true,"href":"https:\/\/www.annaramseier.com\/de\/wp-json\/wp\/v2\/users\/1"}],"replies":[{"embeddable":true,"href":"https:\/\/www.annaramseier.com\/de\/wp-json\/wp\/v2\/comments?post=2177"}],"version-history":[{"count":26,"href":"https:\/\/www.annaramseier.com\/de\/wp-json\/wp\/v2\/pages\/2177\/revisions"}],"predecessor-version":[{"id":3280,"href":"https:\/\/www.annaramseier.com\/de\/wp-json\/wp\/v2\/pages\/2177\/revisions\/3280"}],"wp:attachment":[{"href":"https:\/\/www.annaramseier.com\/de\/wp-json\/wp\/v2\/media?parent=2177"}],"curies":[{"name":"wp","href":"https:\/\/api.w.org\/{rel}","templated":true}]}}