{"id":2389,"date":"2023-06-13T18:25:21","date_gmt":"2023-06-13T16:25:21","guid":{"rendered":"https:\/\/www.annaramseier.com\/?page_id=2389"},"modified":"2023-10-23T20:56:36","modified_gmt":"2023-10-23T18:56:36","slug":"about","status":"publish","type":"page","link":"https:\/\/www.annaramseier.com\/de\/about\/","title":{"rendered":"\u00dcber mich"},"content":{"rendered":"<div data-elementor-type=\"wp-page\" data-elementor-id=\"2389\" class=\"elementor elementor-2389\" data-elementor-post-type=\"page\">\n\t\t\t\t\t\t<section class=\"elementor-section elementor-top-section elementor-element elementor-element-03c78de elementor-section-boxed elementor-section-height-default elementor-section-height-default\" data-id=\"03c78de\" data-element_type=\"section\">\n\t\t\t\t\t\t<div class=\"elementor-container elementor-column-gap-default\">\n\t\t\t\t\t<div class=\"elementor-column elementor-col-100 elementor-top-column elementor-element elementor-element-ccfcf52\" data-id=\"ccfcf52\" data-element_type=\"column\">\n\t\t\t<div class=\"elementor-widget-wrap elementor-element-populated\">\n\t\t\t\t\t\t<div class=\"elementor-element elementor-element-9f621cb elementor-widget elementor-widget-heading\" data-id=\"9f621cb\" data-element_type=\"widget\" data-widget_type=\"heading.default\">\n\t\t\t\t<div class=\"elementor-widget-container\">\n\t\t\t<h2 class=\"elementor-heading-title elementor-size-default\">\u00dcber mich<\/h2>\t\t<\/div>\n\t\t\t\t<\/div>\n\t\t\t\t\t<\/div>\n\t\t<\/div>\n\t\t\t\t\t<\/div>\n\t\t<\/section>\n\t\t\t\t<section class=\"elementor-section elementor-top-section elementor-element elementor-element-357fc8b elementor-section-boxed elementor-section-height-default elementor-section-height-default\" data-id=\"357fc8b\" data-element_type=\"section\">\n\t\t\t\t\t\t<div class=\"elementor-container elementor-column-gap-default\">\n\t\t\t\t\t<div class=\"elementor-column elementor-col-100 elementor-top-column elementor-element elementor-element-58bfb7d\" data-id=\"58bfb7d\" data-element_type=\"column\">\n\t\t\t<div class=\"elementor-widget-wrap elementor-element-populated\">\n\t\t\t\t\t\t<div class=\"elementor-element elementor-element-5642902 elementor-widget elementor-widget-image\" data-id=\"5642902\" data-element_type=\"widget\" data-widget_type=\"image.default\">\n\t\t\t\t<div class=\"elementor-widget-container\">\n\t\t\t\t\t\t\t\t\t\t\t\t\t<img fetchpriority=\"high\" decoding=\"async\" width=\"722\" height=\"1024\" src=\"https:\/\/www.annaramseier.com\/wp-content\/uploads\/2022\/11\/MG_4074_color._2jpg-722x1024.jpg\" class=\"attachment-large size-large wp-image-2257\" alt=\"\" srcset=\"https:\/\/www.annaramseier.com\/wp-content\/uploads\/2022\/11\/MG_4074_color._2jpg-722x1024.jpg 722w, https:\/\/www.annaramseier.com\/wp-content\/uploads\/2022\/11\/MG_4074_color._2jpg-212x300.jpg 212w, https:\/\/www.annaramseier.com\/wp-content\/uploads\/2022\/11\/MG_4074_color._2jpg-768x1089.jpg 768w, https:\/\/www.annaramseier.com\/wp-content\/uploads\/2022\/11\/MG_4074_color._2jpg-1084x1536.jpg 1084w, https:\/\/www.annaramseier.com\/wp-content\/uploads\/2022\/11\/MG_4074_color._2jpg-1445x2048.jpg 1445w, https:\/\/www.annaramseier.com\/wp-content\/uploads\/2022\/11\/MG_4074_color._2jpg-700x992.jpg 700w, https:\/\/www.annaramseier.com\/wp-content\/uploads\/2022\/11\/MG_4074_color._2jpg-1100x1559.jpg 1100w, https:\/\/www.annaramseier.com\/wp-content\/uploads\/2022\/11\/MG_4074_color._2jpg-600x851.jpg 600w, https:\/\/www.annaramseier.com\/wp-content\/uploads\/2022\/11\/MG_4074_color._2jpg-scaled.jpg 1806w\" sizes=\"(max-width: 722px) 100vw, 722px\" \/>\t\t\t\t\t\t\t\t\t\t\t\t\t<\/div>\n\t\t\t\t<\/div>\n\t\t\t\t\t<\/div>\n\t\t<\/div>\n\t\t\t\t\t<\/div>\n\t\t<\/section>\n\t\t\t\t<section class=\"elementor-section elementor-top-section elementor-element elementor-element-b4048b7 elementor-section-boxed elementor-section-height-default elementor-section-height-default\" data-id=\"b4048b7\" data-element_type=\"section\">\n\t\t\t\t\t\t<div class=\"elementor-container elementor-column-gap-default\">\n\t\t\t\t\t<div class=\"elementor-column elementor-col-100 elementor-top-column elementor-element elementor-element-3e8a37c\" data-id=\"3e8a37c\" data-element_type=\"column\">\n\t\t\t<div class=\"elementor-widget-wrap elementor-element-populated\">\n\t\t\t\t\t\t<div class=\"elementor-element elementor-element-c05d878 elementor-widget elementor-widget-text-editor\" data-id=\"c05d878\" data-element_type=\"widget\" data-widget_type=\"text-editor.default\">\n\t\t\t\t<div class=\"elementor-widget-container\">\n\t\t\t\t\t\t\t<p style=\"text-align: center;\">Ich bin Anna Ramseier; Illustratorin, Designerin und Visual Development Artist aus Z\u00fcrich in der Schweiz.<\/p><p style=\"text-align: center;\"><span style=\"color: var( --e-global-color-text ); font-family: var( --e-global-typography-secondary-font-family ), Sans-serif; font-weight: var( --e-global-typography-secondary-font-weight ); font-size: 1rem; background-color: var( --e-global-color-40de6da );\">Mein Herz schl\u00e4gt f\u00fcr Spiele und ich liebe es, Geschichten mit Hilfe von lebendige Farben zu erz\u00e4hlen. Durch die Entwicklung von Spielen mit Bedeutung und Tiefe m\u00f6chte ich Menschen auf ihrem Lebensweg unterst\u00fctzen und ihr Spielerlebnis erf\u00fcllend und inspirierend gestalten.<\/span><span lang=\"EN-US\" style=\"color: var( --e-global-color-text ); font-family: var( --e-global-typography-secondary-font-family ), Sans-serif; font-weight: var( --e-global-typography-secondary-font-weight ); font-size: 1rem;\">\u00a0Ich glaube, dass die Abenteuer in der Spielewelt letztendlich das wirkliche Leben der Spieler bereichern und dass wir somit als Sch\u00f6pfer eine gro\u00dfe Verantwortung haben, die richtigen Werte durch unser Handwerk zu vermitteln<\/span><\/p><p style=\"text-align: center;\"><span style=\"color: var( --e-global-color-text ); font-family: var( --e-global-typography-secondary-font-family ), Sans-serif; font-size: 1rem; font-weight: var( --e-global-typography-secondary-font-weight ); background-color: var( --e-global-color-40de6da );\">Ich erschaffe Charaktere, Kreaturen, Requisiten und Umgebungen. Wenn Du mit mir als Illustrator zusammenarbeiten m\u00f6chtest, sende mir bitte eine Anfrage mit einigen Informationen zu Dhrem Projekt, um ein kostenloses Angebot zu erhalten. Ich kann Dich auf Deiner kreativen Reise unterst\u00fctzen und Deinen Ideen und Tr\u00e4umen eine visuelle Form geben. Rufe mich gerne an oder schreib mir einfach eine Nachricht, wenn Du Fragen haben solltest!<\/span><\/p><p style=\"text-align: center;\">Ich freue mich von Dir zu h\u00f6ren!<\/p><p style=\"text-align: center;\">\u00a0<\/p><p style=\"text-align: center;\"><a href=\"mailto:info@annaramseier.com\">info@annaramseier.com<\/a><\/p>\t\t\t\t\t\t<\/div>\n\t\t\t\t<\/div>\n\t\t\t\t\t<\/div>\n\t\t<\/div>\n\t\t\t\t\t<\/div>\n\t\t<\/section>\n\t\t\t\t<section class=\"elementor-section elementor-top-section elementor-element elementor-element-608378f elementor-section-boxed elementor-section-height-default elementor-section-height-default\" data-id=\"608378f\" data-element_type=\"section\">\n\t\t\t\t\t\t<div class=\"elementor-container elementor-column-gap-default\">\n\t\t\t\t\t<div class=\"elementor-column elementor-col-100 elementor-top-column elementor-element elementor-element-620343b\" data-id=\"620343b\" data-element_type=\"column\">\n\t\t\t<div class=\"elementor-widget-wrap elementor-element-populated\">\n\t\t\t\t\t\t<div class=\"elementor-element elementor-element-7899525 elementor-widget elementor-widget-spacer\" data-id=\"7899525\" data-element_type=\"widget\" data-widget_type=\"spacer.default\">\n\t\t\t\t<div class=\"elementor-widget-container\">\n\t\t\t\t\t<div class=\"elementor-spacer\">\n\t\t\t<div class=\"elementor-spacer-inner\"><\/div>\n\t\t<\/div>\n\t\t\t\t<\/div>\n\t\t\t\t<\/div>\n\t\t\t\t<div class=\"elementor-element elementor-element-f618c9b elementor-widget elementor-widget-heading\" data-id=\"f618c9b\" data-element_type=\"widget\" data-widget_type=\"heading.default\">\n\t\t\t\t<div class=\"elementor-widget-container\">\n\t\t\t<h2 class=\"elementor-heading-title elementor-size-default\">Referenzen<\/h2>\t\t<\/div>\n\t\t\t\t<\/div>\n\t\t\t\t<div class=\"elementor-element elementor-element-cfcced5 elementor-widget elementor-widget-spacer\" data-id=\"cfcced5\" data-element_type=\"widget\" data-widget_type=\"spacer.default\">\n\t\t\t\t<div class=\"elementor-widget-container\">\n\t\t\t\t\t<div class=\"elementor-spacer\">\n\t\t\t<div class=\"elementor-spacer-inner\"><\/div>\n\t\t<\/div>\n\t\t\t\t<\/div>\n\t\t\t\t<\/div>\n\t\t\t\t\t<\/div>\n\t\t<\/div>\n\t\t\t\t\t<\/div>\n\t\t<\/section>\n\t\t\t\t<section class=\"elementor-section elementor-top-section elementor-element elementor-element-9b6d543 elementor-section-boxed elementor-section-height-default elementor-section-height-default\" data-id=\"9b6d543\" data-element_type=\"section\">\n\t\t\t\t\t\t<div class=\"elementor-container elementor-column-gap-default\">\n\t\t\t\t\t<div class=\"elementor-column elementor-col-100 elementor-top-column elementor-element elementor-element-1444875\" data-id=\"1444875\" data-element_type=\"column\">\n\t\t\t<div class=\"elementor-widget-wrap elementor-element-populated\">\n\t\t\t\t\t\t<div class=\"elementor-element elementor-element-a467675 elementor-widget elementor-widget-text-editor\" data-id=\"a467675\" data-element_type=\"widget\" data-widget_type=\"text-editor.default\">\n\t\t\t\t<div class=\"elementor-widget-container\">\n\t\t\t\t\t\t\t<p style=\"text-align: center;\">O Game Lab<\/p><p style=\"text-align: center;\">Zugvogel<\/p><p style=\"text-align: center;\">Raumsein<\/p><p style=\"text-align: center;\">HandKunstWerk<\/p>\t\t\t\t\t\t<\/div>\n\t\t\t\t<\/div>\n\t\t\t\t\t<\/div>\n\t\t<\/div>\n\t\t\t\t\t<\/div>\n\t\t<\/section>\n\t\t\t\t<section class=\"elementor-section elementor-top-section elementor-element elementor-element-de73b4e elementor-section-boxed elementor-section-height-default elementor-section-height-default\" data-id=\"de73b4e\" data-element_type=\"section\">\n\t\t\t\t\t\t<div class=\"elementor-container elementor-column-gap-default\">\n\t\t\t\t\t<div class=\"elementor-column elementor-col-100 elementor-top-column elementor-element elementor-element-f212e7c\" data-id=\"f212e7c\" data-element_type=\"column\">\n\t\t\t<div class=\"elementor-widget-wrap elementor-element-populated\">\n\t\t\t\t\t\t<div class=\"elementor-element elementor-element-8738337 elementor-widget elementor-widget-spacer\" data-id=\"8738337\" data-element_type=\"widget\" data-widget_type=\"spacer.default\">\n\t\t\t\t<div class=\"elementor-widget-container\">\n\t\t\t\t\t<div class=\"elementor-spacer\">\n\t\t\t<div class=\"elementor-spacer-inner\"><\/div>\n\t\t<\/div>\n\t\t\t\t<\/div>\n\t\t\t\t<\/div>\n\t\t\t\t<div class=\"elementor-element elementor-element-953e5f1 elementor-widget elementor-widget-heading\" data-id=\"953e5f1\" data-element_type=\"widget\" data-widget_type=\"heading.default\">\n\t\t\t\t<div class=\"elementor-widget-container\">\n\t\t\t<h2 class=\"elementor-heading-title elementor-size-default\">Lebenslauf<\/h2>\t\t<\/div>\n\t\t\t\t<\/div>\n\t\t\t\t<div class=\"elementor-element elementor-element-4da0e7e elementor-widget elementor-widget-spacer\" data-id=\"4da0e7e\" data-element_type=\"widget\" data-widget_type=\"spacer.default\">\n\t\t\t\t<div class=\"elementor-widget-container\">\n\t\t\t\t\t<div class=\"elementor-spacer\">\n\t\t\t<div class=\"elementor-spacer-inner\"><\/div>\n\t\t<\/div>\n\t\t\t\t<\/div>\n\t\t\t\t<\/div>\n\t\t\t\t\t<\/div>\n\t\t<\/div>\n\t\t\t\t\t<\/div>\n\t\t<\/section>\n\t\t\t\t<section class=\"elementor-section elementor-top-section elementor-element elementor-element-efc820c elementor-section-boxed elementor-section-height-default elementor-section-height-default\" data-id=\"efc820c\" data-element_type=\"section\">\n\t\t\t\t\t\t<div class=\"elementor-container elementor-column-gap-default\">\n\t\t\t\t\t<div class=\"elementor-column elementor-col-100 elementor-top-column elementor-element elementor-element-9c1e2a9\" data-id=\"9c1e2a9\" data-element_type=\"column\">\n\t\t\t<div class=\"elementor-widget-wrap elementor-element-populated\">\n\t\t\t\t\t\t<div class=\"elementor-element elementor-element-1ecf8f0 elementor-widget elementor-widget-text-editor\" data-id=\"1ecf8f0\" data-element_type=\"widget\" data-widget_type=\"text-editor.default\">\n\t\t\t\t<div class=\"elementor-widget-container\">\n\t\t\t\t\t\t\t<p style=\"text-align: center;\"><a href=\"http:\/\/www.annaramseier.com\/wp-content\/uploads\/2023\/06\/Anna_Ramseier_Resume.pdf\">anna_ramseier_resume_2023<\/a><\/p>\t\t\t\t\t\t<\/div>\n\t\t\t\t<\/div>\n\t\t\t\t\t<\/div>\n\t\t<\/div>\n\t\t\t\t\t<\/div>\n\t\t<\/section>\n\t\t\t\t<section class=\"elementor-section elementor-top-section elementor-element elementor-element-e950211 elementor-section-boxed elementor-section-height-default elementor-section-height-default\" data-id=\"e950211\" data-element_type=\"section\">\n\t\t\t\t\t\t<div class=\"elementor-container elementor-column-gap-default\">\n\t\t\t\t\t<div class=\"elementor-column elementor-col-100 elementor-top-column elementor-element elementor-element-317ef5c\" data-id=\"317ef5c\" data-element_type=\"column\">\n\t\t\t<div class=\"elementor-widget-wrap elementor-element-populated\">\n\t\t\t\t\t\t<div class=\"elementor-element elementor-element-581fbcc elementor-widget elementor-widget-spacer\" data-id=\"581fbcc\" data-element_type=\"widget\" data-widget_type=\"spacer.default\">\n\t\t\t\t<div class=\"elementor-widget-container\">\n\t\t\t\t\t<div class=\"elementor-spacer\">\n\t\t\t<div class=\"elementor-spacer-inner\"><\/div>\n\t\t<\/div>\n\t\t\t\t<\/div>\n\t\t\t\t<\/div>\n\t\t\t\t<div class=\"elementor-element elementor-element-55052a6 elementor-widget elementor-widget-heading\" data-id=\"55052a6\" data-element_type=\"widget\" data-widget_type=\"heading.default\">\n\t\t\t\t<div class=\"elementor-widget-container\">\n\t\t\t<h2 class=\"elementor-heading-title elementor-size-default\">Projekte Highlights<\/h2>\t\t<\/div>\n\t\t\t\t<\/div>\n\t\t\t\t<div class=\"elementor-element elementor-element-9bf76af elementor-widget elementor-widget-spacer\" data-id=\"9bf76af\" data-element_type=\"widget\" data-widget_type=\"spacer.default\">\n\t\t\t\t<div class=\"elementor-widget-container\">\n\t\t\t\t\t<div class=\"elementor-spacer\">\n\t\t\t<div class=\"elementor-spacer-inner\"><\/div>\n\t\t<\/div>\n\t\t\t\t<\/div>\n\t\t\t\t<\/div>\n\t\t\t\t\t<\/div>\n\t\t<\/div>\n\t\t\t\t\t<\/div>\n\t\t<\/section>\n\t\t\t\t<section class=\"elementor-section elementor-top-section elementor-element elementor-element-f5f14fd elementor-section-boxed elementor-section-height-default elementor-section-height-default\" data-id=\"f5f14fd\" data-element_type=\"section\">\n\t\t\t\t\t\t<div class=\"elementor-container elementor-column-gap-default\">\n\t\t\t\t\t<div class=\"elementor-column elementor-col-100 elementor-top-column elementor-element elementor-element-4f8f4c5\" data-id=\"4f8f4c5\" data-element_type=\"column\">\n\t\t\t<div class=\"elementor-widget-wrap elementor-element-populated\">\n\t\t\t\t\t\t<div class=\"elementor-element elementor-element-5514027 elementor-grid-3 elementor-grid-tablet-2 elementor-grid-mobile-1 elementor-widget elementor-widget-portfolio\" data-id=\"5514027\" data-element_type=\"widget\" data-settings=\"{&quot;row_gap&quot;:{&quot;unit&quot;:&quot;px&quot;,&quot;size&quot;:17,&quot;sizes&quot;:[]},&quot;columns&quot;:&quot;3&quot;,&quot;columns_tablet&quot;:&quot;2&quot;,&quot;columns_mobile&quot;:&quot;1&quot;,&quot;item_ratio&quot;:{&quot;unit&quot;:&quot;px&quot;,&quot;size&quot;:0.66000000000000003108624468950438313186168670654296875,&quot;sizes&quot;:[]},&quot;item_gap&quot;:{&quot;unit&quot;:&quot;px&quot;,&quot;size&quot;:&quot;&quot;,&quot;sizes&quot;:[]}}\" data-widget_type=\"portfolio.default\">\n\t\t\t\t<div class=\"elementor-widget-container\">\n\t\t\t\t\t<div class=\"elementor-portfolio elementor-grid elementor-posts-container\">\n\t\t\t\t<article class=\"elementor-portfolio-item elementor-post  post-2951 page type-page status-publish has-post-thumbnail hentry\">\n\t\t\t<a class=\"elementor-post__thumbnail__link\" href=\"https:\/\/www.annaramseier.com\/de\/tree-of-love\/\">\n\t\t\t\t<div class=\"elementor-portfolio-item__img elementor-post__thumbnail\">\n\t\t\t<img decoding=\"async\" width=\"800\" height=\"800\" src=\"https:\/\/www.annaramseier.com\/wp-content\/uploads\/2024\/05\/Square_Liebe-1024x1024.jpg\" class=\"attachment-large size-large wp-image-3317\" alt=\"\" srcset=\"https:\/\/www.annaramseier.com\/wp-content\/uploads\/2024\/05\/Square_Liebe-1024x1024.jpg 1024w, https:\/\/www.annaramseier.com\/wp-content\/uploads\/2024\/05\/Square_Liebe-300x300.jpg 300w, https:\/\/www.annaramseier.com\/wp-content\/uploads\/2024\/05\/Square_Liebe-150x150.jpg 150w, https:\/\/www.annaramseier.com\/wp-content\/uploads\/2024\/05\/Square_Liebe-768x768.jpg 768w, https:\/\/www.annaramseier.com\/wp-content\/uploads\/2024\/05\/Square_Liebe-1536x1536.jpg 1536w, https:\/\/www.annaramseier.com\/wp-content\/uploads\/2024\/05\/Square_Liebe-2048x2048.jpg 2048w, https:\/\/www.annaramseier.com\/wp-content\/uploads\/2024\/05\/Square_Liebe-12x12.jpg 12w, https:\/\/www.annaramseier.com\/wp-content\/uploads\/2024\/05\/Square_Liebe-650x650.jpg 650w\" sizes=\"(max-width: 800px) 100vw, 800px\" \/>\t\t<\/div>\n\t\t\t\t<div class=\"elementor-portfolio-item__overlay\">\n\t\t\t\t<h3 class=\"elementor-portfolio-item__title\">\n\t\tBaum der Liebe\t\t<\/h3>\n\t\t\t\t<\/div>\n\t\t\t\t<\/a>\n\t\t<\/article>\n\t\t\t\t<article class=\"elementor-portfolio-item elementor-post  post-2824 page type-page status-publish has-post-thumbnail hentry\">\n\t\t\t<a class=\"elementor-post__thumbnail__link\" href=\"https:\/\/www.annaramseier.com\/de\/desert-traveler\/\">\n\t\t\t\t<div class=\"elementor-portfolio-item__img elementor-post__thumbnail\">\n\t\t\t<img decoding=\"async\" width=\"800\" height=\"638\" src=\"https:\/\/www.annaramseier.com\/wp-content\/uploads\/2023\/06\/desert-traveler-anna-ramseier-featured-1024x817.jpg\" class=\"attachment-large size-large wp-image-2834\" alt=\"\" srcset=\"https:\/\/www.annaramseier.com\/wp-content\/uploads\/2023\/06\/desert-traveler-anna-ramseier-featured-1024x817.jpg 1024w, https:\/\/www.annaramseier.com\/wp-content\/uploads\/2023\/06\/desert-traveler-anna-ramseier-featured-300x239.jpg 300w, https:\/\/www.annaramseier.com\/wp-content\/uploads\/2023\/06\/desert-traveler-anna-ramseier-featured-768x612.jpg 768w, https:\/\/www.annaramseier.com\/wp-content\/uploads\/2023\/06\/desert-traveler-anna-ramseier-featured-1536x1225.jpg 1536w, https:\/\/www.annaramseier.com\/wp-content\/uploads\/2023\/06\/desert-traveler-anna-ramseier-featured-600x478.jpg 600w, https:\/\/www.annaramseier.com\/wp-content\/uploads\/2023\/06\/desert-traveler-anna-ramseier-featured.jpg 1703w\" sizes=\"(max-width: 800px) 100vw, 800px\" \/>\t\t<\/div>\n\t\t\t\t<div class=\"elementor-portfolio-item__overlay\">\n\t\t\t\t<h3 class=\"elementor-portfolio-item__title\">\n\t\tDer Reisefuchs\t\t<\/h3>\n\t\t\t\t<\/div>\n\t\t\t\t<\/a>\n\t\t<\/article>\n\t\t\t\t<article class=\"elementor-portfolio-item elementor-post  post-2773 page type-page status-publish has-post-thumbnail hentry\">\n\t\t\t<a class=\"elementor-post__thumbnail__link\" href=\"https:\/\/www.annaramseier.com\/de\/seashell-temple\/\">\n\t\t\t\t<div class=\"elementor-portfolio-item__img elementor-post__thumbnail\">\n\t\t\t<img loading=\"lazy\" decoding=\"async\" width=\"800\" height=\"999\" src=\"https:\/\/www.annaramseier.com\/wp-content\/uploads\/2023\/06\/Seashell_Temple_anna_ramseier-featured-820x1024.jpg\" class=\"attachment-large size-large wp-image-2783\" alt=\"\" srcset=\"https:\/\/www.annaramseier.com\/wp-content\/uploads\/2023\/06\/Seashell_Temple_anna_ramseier-featured-820x1024.jpg 820w, https:\/\/www.annaramseier.com\/wp-content\/uploads\/2023\/06\/Seashell_Temple_anna_ramseier-featured-240x300.jpg 240w, https:\/\/www.annaramseier.com\/wp-content\/uploads\/2023\/06\/Seashell_Temple_anna_ramseier-featured-768x959.jpg 768w, https:\/\/www.annaramseier.com\/wp-content\/uploads\/2023\/06\/Seashell_Temple_anna_ramseier-featured-600x749.jpg 600w, https:\/\/www.annaramseier.com\/wp-content\/uploads\/2023\/06\/Seashell_Temple_anna_ramseier-featured.jpg 1164w\" sizes=\"(max-width: 800px) 100vw, 800px\" \/>\t\t<\/div>\n\t\t\t\t<div class=\"elementor-portfolio-item__overlay\">\n\t\t\t\t<h3 class=\"elementor-portfolio-item__title\">\n\t\tSeemuschel Tempel\t\t<\/h3>\n\t\t\t\t<\/div>\n\t\t\t\t<\/a>\n\t\t<\/article>\n\t\t\t\t<\/div>\n\t\t\t\t<\/div>\n\t\t\t\t<\/div>\n\t\t\t\t\t<\/div>\n\t\t<\/div>\n\t\t\t\t\t<\/div>\n\t\t<\/section>\n\t\t\t\t<section class=\"elementor-section elementor-top-section elementor-element elementor-element-e50afc8 elementor-section-boxed elementor-section-height-default elementor-section-height-default\" data-id=\"e50afc8\" data-element_type=\"section\">\n\t\t\t\t\t\t<div class=\"elementor-container elementor-column-gap-default\">\n\t\t\t\t\t<div class=\"elementor-column elementor-col-100 elementor-top-column elementor-element elementor-element-341a02a\" data-id=\"341a02a\" data-element_type=\"column\">\n\t\t\t<div class=\"elementor-widget-wrap elementor-element-populated\">\n\t\t\t\t\t\t<div class=\"elementor-element elementor-element-b8df346 elementor-widget elementor-widget-text-editor\" data-id=\"b8df346\" data-element_type=\"widget\" data-widget_type=\"text-editor.default\">\n\t\t\t\t<div class=\"elementor-widget-container\">\n\t\t\t\t\t\t\t<p><a href=\"https:\/\/www.annaramseier.com\/de\/projects\/\">Alle Projekte anzeigen<\/a><\/p>\t\t\t\t\t\t<\/div>\n\t\t\t\t<\/div>\n\t\t\t\t\t<\/div>\n\t\t<\/div>\n\t\t\t\t\t<\/div>\n\t\t<\/section>\n\t\t\t\t<\/div>","protected":false},"excerpt":{"rendered":"<p>ABOUT I am Anna Ramseier an illustrator, designer, visual development and concept artist from Z\u00fcrich Switzerland. My heart beats for games, and I love to tell stories through vibrant colors. By creating games that have meaning and depth I hope to support people on their journey through life and make their gaming experience fulfilling and [&hellip;]<\/p>","protected":false},"author":1,"featured_media":0,"parent":0,"menu_order":0,"comment_status":"closed","ping_status":"closed","template":"elementor_header_footer","meta":{"footnotes":""},"class_list":["post-2389","page","type-page","status-publish","hentry"],"_links":{"self":[{"href":"https:\/\/www.annaramseier.com\/de\/wp-json\/wp\/v2\/pages\/2389","targetHints":{"allow":["GET"]}}],"collection":[{"href":"https:\/\/www.annaramseier.com\/de\/wp-json\/wp\/v2\/pages"}],"about":[{"href":"https:\/\/www.annaramseier.com\/de\/wp-json\/wp\/v2\/types\/page"}],"author":[{"embeddable":true,"href":"https:\/\/www.annaramseier.com\/de\/wp-json\/wp\/v2\/users\/1"}],"replies":[{"embeddable":true,"href":"https:\/\/www.annaramseier.com\/de\/wp-json\/wp\/v2\/comments?post=2389"}],"version-history":[{"count":94,"href":"https:\/\/www.annaramseier.com\/de\/wp-json\/wp\/v2\/pages\/2389\/revisions"}],"predecessor-version":[{"id":3194,"href":"https:\/\/www.annaramseier.com\/de\/wp-json\/wp\/v2\/pages\/2389\/revisions\/3194"}],"wp:attachment":[{"href":"https:\/\/www.annaramseier.com\/de\/wp-json\/wp\/v2\/media?parent=2389"}],"curies":[{"name":"wp","href":"https:\/\/api.w.org\/{rel}","templated":true}]}}