{"id":2497,"date":"2023-06-15T14:48:51","date_gmt":"2023-06-15T12:48:51","guid":{"rendered":"https:\/\/www.annaramseier.com\/?page_id=2497"},"modified":"2024-05-05T10:01:05","modified_gmt":"2024-05-05T08:01:05","slug":"anpu-the-bard","status":"publish","type":"page","link":"https:\/\/www.annaramseier.com\/de\/anpu-the-bard\/","title":{"rendered":"Anpu \u2013 Der Barde"},"content":{"rendered":"<div data-elementor-type=\"wp-page\" data-elementor-id=\"2497\" class=\"elementor elementor-2497\" data-elementor-post-type=\"page\">\n\t\t\t\t\t\t<section class=\"elementor-section elementor-top-section elementor-element elementor-element-3026ad39 elementor-section-boxed elementor-section-height-default elementor-section-height-default\" data-id=\"3026ad39\" data-element_type=\"section\">\n\t\t\t\t\t\t<div class=\"elementor-container elementor-column-gap-default\">\n\t\t\t\t\t<div class=\"elementor-column elementor-col-100 elementor-top-column elementor-element elementor-element-5377f820\" data-id=\"5377f820\" data-element_type=\"column\">\n\t\t\t<div class=\"elementor-widget-wrap elementor-element-populated\">\n\t\t\t\t\t\t<div class=\"elementor-element elementor-element-1fc0e47 elementor-widget__width-initial elementor-widget-mobile__width-inherit elementor-widget elementor-widget-text-editor\" data-id=\"1fc0e47\" data-element_type=\"widget\" data-widget_type=\"text-editor.default\">\n\t\t\t\t<div class=\"elementor-widget-container\">\n\t\t\t\t\t\t\t<p>Anpu \u2013 Der Barde<\/p>\t\t\t\t\t\t<\/div>\n\t\t\t\t<\/div>\n\t\t\t\t<div class=\"elementor-element elementor-element-2ae5368e elementor-widget__width-initial elementor-widget-mobile__width-inherit elementor-widget elementor-widget-text-editor\" data-id=\"2ae5368e\" data-element_type=\"widget\" data-widget_type=\"text-editor.default\">\n\t\t\t\t<div class=\"elementor-widget-container\">\n\t\t\t\t\t\t\t<p>Anpu lebt mit den Waldgeistern zusammen und widmet sein Leben der Kommunikation der W\u00fcnsche der Geister durch seine Musik und Ges\u00e4nge. Er stammte aus einem wohlhabenden Stamm und lie\u00df sich nun im Herbstwind Wald nieder, um ein einfaches Leben zu f\u00fchren. Mit seinem Holzhorn spielt Anpu zum Klang des Windes. \ud83d\udcef<\/p>\t\t\t\t\t\t<\/div>\n\t\t\t\t<\/div>\n\t\t\t\t\t<\/div>\n\t\t<\/div>\n\t\t\t\t\t<\/div>\n\t\t<\/section>\n\t\t\t\t<section class=\"elementor-section elementor-top-section elementor-element elementor-element-57316578 elementor-section-boxed elementor-section-height-default elementor-section-height-default\" data-id=\"57316578\" data-element_type=\"section\">\n\t\t\t\t\t\t<div class=\"elementor-container elementor-column-gap-default\">\n\t\t\t\t\t<div class=\"elementor-column elementor-col-100 elementor-top-column elementor-element elementor-element-4bccf587\" data-id=\"4bccf587\" data-element_type=\"column\">\n\t\t\t<div class=\"elementor-widget-wrap elementor-element-populated\">\n\t\t\t\t\t\t<div class=\"elementor-element elementor-element-14201cfd elementor-widget__width-initial elementor-widget-mobile__width-inherit elementor-widget elementor-widget-gallery\" data-id=\"14201cfd\" data-element_type=\"widget\" data-settings=\"{&quot;gallery_layout&quot;:&quot;masonry&quot;,&quot;columns&quot;:1,&quot;columns_tablet&quot;:1,&quot;columns_mobile&quot;:1,&quot;gap&quot;:{&quot;unit&quot;:&quot;px&quot;,&quot;size&quot;:10,&quot;sizes&quot;:[]},&quot;gap_tablet&quot;:{&quot;unit&quot;:&quot;px&quot;,&quot;size&quot;:10,&quot;sizes&quot;:[]},&quot;gap_mobile&quot;:{&quot;unit&quot;:&quot;px&quot;,&quot;size&quot;:10,&quot;sizes&quot;:[]},&quot;link_to&quot;:&quot;file&quot;,&quot;overlay_background&quot;:&quot;yes&quot;,&quot;content_hover_animation&quot;:&quot;fade-in&quot;}\" data-widget_type=\"gallery.default\">\n\t\t\t\t<div class=\"elementor-widget-container\">\n\t\t\t\t\t<div class=\"elementor-gallery__container\">\n\t\t\t\t\t\t\t<a class=\"e-gallery-item elementor-gallery-item elementor-animated-content\" href=\"https:\/\/www.annaramseier.com\/wp-content\/uploads\/2023\/06\/Anpu_Zaang_square-scaled.jpg\" data-elementor-open-lightbox=\"yes\" data-elementor-lightbox-slideshow=\"14201cfd\" data-elementor-lightbox-title=\"Anpu_Zaang_square\" data-e-action-hash=\"#elementor-action%3Aaction%3Dlightbox%26settings%3DeyJpZCI6MjQ5MSwidXJsIjoiaHR0cHM6XC9cL3d3dy5hbm5hcmFtc2VpZXIuY29tXC93cC1jb250ZW50XC91cGxvYWRzXC8yMDIzXC8wNlwvQW5wdV9aYWFuZ19zcXVhcmUtc2NhbGVkLmpwZyIsInNsaWRlc2hvdyI6IjE0MjAxY2ZkIn0%3D\">\n\t\t\t\t\t<div class=\"e-gallery-image elementor-gallery-item__image\" data-thumbnail=\"https:\/\/www.annaramseier.com\/wp-content\/uploads\/2023\/06\/Anpu_Zaang_square-scaled.jpg\" data-width=\"800\" data-height=\"800\" aria-label=\"\" role=\"img\" ><\/div>\n\t\t\t\t\t\t\t\t\t\t\t<div class=\"elementor-gallery-item__overlay\"><\/div>\n\t\t\t\t\t\t\t\t\t\t\t\t\t\t<\/a>\n\t\t\t\t\t\t\t<a class=\"e-gallery-item elementor-gallery-item elementor-animated-content\" href=\"https:\/\/www.annaramseier.com\/wp-content\/uploads\/2023\/06\/anra_anpu_colors.jpg\" data-elementor-open-lightbox=\"yes\" data-elementor-lightbox-slideshow=\"14201cfd\" data-elementor-lightbox-title=\"anra_anpu_colors\" data-e-action-hash=\"#elementor-action%3Aaction%3Dlightbox%26settings%3DeyJpZCI6MjQ4NCwidXJsIjoiaHR0cHM6XC9cL3d3dy5hbm5hcmFtc2VpZXIuY29tXC93cC1jb250ZW50XC91cGxvYWRzXC8yMDIzXC8wNlwvYW5yYV9hbnB1X2NvbG9ycy5qcGciLCJzbGlkZXNob3ciOiIxNDIwMWNmZCJ9\">\n\t\t\t\t\t<div class=\"e-gallery-image elementor-gallery-item__image\" data-thumbnail=\"https:\/\/www.annaramseier.com\/wp-content\/uploads\/2023\/06\/anra_anpu_colors-1024x1024.jpg\" data-width=\"800\" data-height=\"800\" aria-label=\"\" role=\"img\" ><\/div>\n\t\t\t\t\t\t\t\t\t\t\t<div class=\"elementor-gallery-item__overlay\"><\/div>\n\t\t\t\t\t\t\t\t\t\t\t\t\t\t<\/a>\n\t\t\t\t\t\t\t<a class=\"e-gallery-item elementor-gallery-item elementor-animated-content\" href=\"https:\/\/www.annaramseier.com\/wp-content\/uploads\/2023\/06\/bard_shapes_2-scaled.jpg\" data-elementor-open-lightbox=\"yes\" data-elementor-lightbox-slideshow=\"14201cfd\" data-elementor-lightbox-title=\"bard_shapes_2\" data-e-action-hash=\"#elementor-action%3Aaction%3Dlightbox%26settings%3DeyJpZCI6MjQ4NiwidXJsIjoiaHR0cHM6XC9cL3d3dy5hbm5hcmFtc2VpZXIuY29tXC93cC1jb250ZW50XC91cGxvYWRzXC8yMDIzXC8wNlwvYmFyZF9zaGFwZXNfMi1zY2FsZWQuanBnIiwic2xpZGVzaG93IjoiMTQyMDFjZmQifQ%3D%3D\">\n\t\t\t\t\t<div class=\"e-gallery-image elementor-gallery-item__image\" data-thumbnail=\"https:\/\/www.annaramseier.com\/wp-content\/uploads\/2023\/06\/bard_shapes_2-1024x724.jpg\" data-width=\"800\" data-height=\"566\" aria-label=\"\" role=\"img\" ><\/div>\n\t\t\t\t\t\t\t\t\t\t\t<div class=\"elementor-gallery-item__overlay\"><\/div>\n\t\t\t\t\t\t\t\t\t\t\t\t\t\t<\/a>\n\t\t\t\t\t\t\t<a class=\"e-gallery-item elementor-gallery-item elementor-animated-content\" href=\"https:\/\/www.annaramseier.com\/wp-content\/uploads\/2023\/06\/anna-ramseier-bard-material-callout-2.jpg\" data-elementor-open-lightbox=\"yes\" data-elementor-lightbox-slideshow=\"14201cfd\" data-elementor-lightbox-title=\"anna-ramseier-bard-material-callout-2\" data-e-action-hash=\"#elementor-action%3Aaction%3Dlightbox%26settings%3DeyJpZCI6MjQ4NSwidXJsIjoiaHR0cHM6XC9cL3d3dy5hbm5hcmFtc2VpZXIuY29tXC93cC1jb250ZW50XC91cGxvYWRzXC8yMDIzXC8wNlwvYW5uYS1yYW1zZWllci1iYXJkLW1hdGVyaWFsLWNhbGxvdXQtMi5qcGciLCJzbGlkZXNob3ciOiIxNDIwMWNmZCJ9\">\n\t\t\t\t\t<div class=\"e-gallery-image elementor-gallery-item__image\" data-thumbnail=\"https:\/\/www.annaramseier.com\/wp-content\/uploads\/2023\/06\/anna-ramseier-bard-material-callout-2-1024x617.jpg\" data-width=\"800\" data-height=\"482\" aria-label=\"\" role=\"img\" ><\/div>\n\t\t\t\t\t\t\t\t\t\t\t<div class=\"elementor-gallery-item__overlay\"><\/div>\n\t\t\t\t\t\t\t\t\t\t\t\t\t\t<\/a>\n\t\t\t\t\t\t\t<a class=\"e-gallery-item elementor-gallery-item elementor-animated-content\" href=\"https:\/\/www.annaramseier.com\/wp-content\/uploads\/2023\/06\/Bard_archetype_MB_Anna.png\" data-elementor-open-lightbox=\"yes\" data-elementor-lightbox-slideshow=\"14201cfd\" data-elementor-lightbox-title=\"Bard_archetype_MB_Anna\" data-e-action-hash=\"#elementor-action%3Aaction%3Dlightbox%26settings%3DeyJpZCI6MjQ4NywidXJsIjoiaHR0cHM6XC9cL3d3dy5hbm5hcmFtc2VpZXIuY29tXC93cC1jb250ZW50XC91cGxvYWRzXC8yMDIzXC8wNlwvQmFyZF9hcmNoZXR5cGVfTUJfQW5uYS5wbmciLCJzbGlkZXNob3ciOiIxNDIwMWNmZCJ9\">\n\t\t\t\t\t<div class=\"e-gallery-image elementor-gallery-item__image\" data-thumbnail=\"https:\/\/www.annaramseier.com\/wp-content\/uploads\/2023\/06\/Bard_archetype_MB_Anna-1024x627.png\" data-width=\"800\" data-height=\"490\" aria-label=\"\" role=\"img\" ><\/div>\n\t\t\t\t\t\t\t\t\t\t\t<div class=\"elementor-gallery-item__overlay\"><\/div>\n\t\t\t\t\t\t\t\t\t\t\t\t\t\t<\/a>\n\t\t\t\t\t\t\t<a class=\"e-gallery-item elementor-gallery-item elementor-animated-content\" href=\"https:\/\/www.annaramseier.com\/wp-content\/uploads\/2023\/06\/bard_face_turnaround_color-scaled.jpg\" data-elementor-open-lightbox=\"yes\" data-elementor-lightbox-slideshow=\"14201cfd\" data-elementor-lightbox-title=\"bard_face_turnaround_color\" data-e-action-hash=\"#elementor-action%3Aaction%3Dlightbox%26settings%3DeyJpZCI6MjQ4OCwidXJsIjoiaHR0cHM6XC9cL3d3dy5hbm5hcmFtc2VpZXIuY29tXC93cC1jb250ZW50XC91cGxvYWRzXC8yMDIzXC8wNlwvYmFyZF9mYWNlX3R1cm5hcm91bmRfY29sb3Itc2NhbGVkLmpwZyIsInNsaWRlc2hvdyI6IjE0MjAxY2ZkIn0%3D\">\n\t\t\t\t\t<div class=\"e-gallery-image elementor-gallery-item__image\" data-thumbnail=\"https:\/\/www.annaramseier.com\/wp-content\/uploads\/2023\/06\/bard_face_turnaround_color-1024x724.jpg\" data-width=\"800\" data-height=\"566\" aria-label=\"\" role=\"img\" ><\/div>\n\t\t\t\t\t\t\t\t\t\t\t<div class=\"elementor-gallery-item__overlay\"><\/div>\n\t\t\t\t\t\t\t\t\t\t\t\t\t\t<\/a>\n\t\t\t\t\t\t\t<a class=\"e-gallery-item elementor-gallery-item elementor-animated-content\" href=\"https:\/\/www.annaramseier.com\/wp-content\/uploads\/2023\/06\/Anpu_Zaang_closeup-scaled.jpg\" data-elementor-open-lightbox=\"yes\" data-elementor-lightbox-slideshow=\"14201cfd\" data-elementor-lightbox-title=\"Anpu_Zaang_closeup\" data-e-action-hash=\"#elementor-action%3Aaction%3Dlightbox%26settings%3DeyJpZCI6MjQ5MCwidXJsIjoiaHR0cHM6XC9cL3d3dy5hbm5hcmFtc2VpZXIuY29tXC93cC1jb250ZW50XC91cGxvYWRzXC8yMDIzXC8wNlwvQW5wdV9aYWFuZ19jbG9zZXVwLXNjYWxlZC5qcGciLCJzbGlkZXNob3ciOiIxNDIwMWNmZCJ9\">\n\t\t\t\t\t<div class=\"e-gallery-image elementor-gallery-item__image\" data-thumbnail=\"https:\/\/www.annaramseier.com\/wp-content\/uploads\/2023\/06\/Anpu_Zaang_closeup-1024x1024.jpg\" data-width=\"800\" data-height=\"800\" aria-label=\"\" role=\"img\" ><\/div>\n\t\t\t\t\t\t\t\t\t\t\t<div class=\"elementor-gallery-item__overlay\"><\/div>\n\t\t\t\t\t\t\t\t\t\t\t\t\t\t<\/a>\n\t\t\t\t\t<\/div>\n\t\t\t<\/div>\n\t\t\t\t<\/div>\n\t\t\t\t\t<\/div>\n\t\t<\/div>\n\t\t\t\t\t<\/div>\n\t\t<\/section>\n\t\t\t\t<\/div>","protected":false},"excerpt":{"rendered":"<p>character design | concept art | digital painting<\/p>","protected":false},"author":1,"featured_media":2491,"parent":0,"menu_order":0,"comment_status":"closed","ping_status":"closed","template":"","meta":{"footnotes":""},"class_list":["post-2497","page","type-page","status-publish","has-post-thumbnail","hentry"],"_links":{"self":[{"href":"https:\/\/www.annaramseier.com\/de\/wp-json\/wp\/v2\/pages\/2497","targetHints":{"allow":["GET"]}}],"collection":[{"href":"https:\/\/www.annaramseier.com\/de\/wp-json\/wp\/v2\/pages"}],"about":[{"href":"https:\/\/www.annaramseier.com\/de\/wp-json\/wp\/v2\/types\/page"}],"author":[{"embeddable":true,"href":"https:\/\/www.annaramseier.com\/de\/wp-json\/wp\/v2\/users\/1"}],"replies":[{"embeddable":true,"href":"https:\/\/www.annaramseier.com\/de\/wp-json\/wp\/v2\/comments?post=2497"}],"version-history":[{"count":52,"href":"https:\/\/www.annaramseier.com\/de\/wp-json\/wp\/v2\/pages\/2497\/revisions"}],"predecessor-version":[{"id":3296,"href":"https:\/\/www.annaramseier.com\/de\/wp-json\/wp\/v2\/pages\/2497\/revisions\/3296"}],"wp:featuredmedia":[{"embeddable":true,"href":"https:\/\/www.annaramseier.com\/de\/wp-json\/wp\/v2\/media\/2491"}],"wp:attachment":[{"href":"https:\/\/www.annaramseier.com\/de\/wp-json\/wp\/v2\/media?parent=2497"}],"curies":[{"name":"wp","href":"https:\/\/api.w.org\/{rel}","templated":true}]}}