{"id":2543,"date":"2023-06-15T16:24:37","date_gmt":"2023-06-15T14:24:37","guid":{"rendered":"https:\/\/www.annaramseier.com\/?page_id=2543"},"modified":"2024-05-05T09:42:49","modified_gmt":"2024-05-05T07:42:49","slug":"aniima-samurai","status":"publish","type":"page","link":"https:\/\/www.annaramseier.com\/de\/aniima-samurai\/","title":{"rendered":"ANIIMA &#8211; Samurai"},"content":{"rendered":"<div data-elementor-type=\"wp-page\" data-elementor-id=\"2543\" class=\"elementor elementor-2543\" data-elementor-post-type=\"page\">\n\t\t\t\t\t\t<section class=\"elementor-section elementor-top-section elementor-element elementor-element-4a5281fb elementor-section-boxed elementor-section-height-default elementor-section-height-default\" data-id=\"4a5281fb\" data-element_type=\"section\">\n\t\t\t\t\t\t<div class=\"elementor-container elementor-column-gap-default\">\n\t\t\t\t\t<div class=\"elementor-column elementor-col-100 elementor-top-column elementor-element elementor-element-1a706430\" data-id=\"1a706430\" data-element_type=\"column\">\n\t\t\t<div class=\"elementor-widget-wrap elementor-element-populated\">\n\t\t\t\t\t\t<div class=\"elementor-element elementor-element-1e18dba9 elementor-widget__width-initial elementor-widget-tablet__width-inherit elementor-widget elementor-widget-text-editor\" data-id=\"1e18dba9\" data-element_type=\"widget\" data-widget_type=\"text-editor.default\">\n\t\t\t\t<div class=\"elementor-widget-container\">\n\t\t\t\t\t\t\t<p>Samurai ser Seele \u2013 ANIIMA<\/p>\t\t\t\t\t\t<\/div>\n\t\t\t\t<\/div>\n\t\t\t\t\t<\/div>\n\t\t<\/div>\n\t\t\t\t\t<\/div>\n\t\t<\/section>\n\t\t\t\t<section class=\"elementor-section elementor-top-section elementor-element elementor-element-29a07062 elementor-section-boxed elementor-section-height-default elementor-section-height-default\" data-id=\"29a07062\" data-element_type=\"section\">\n\t\t\t\t\t\t<div class=\"elementor-container elementor-column-gap-default\">\n\t\t\t\t\t<div class=\"elementor-column elementor-col-100 elementor-top-column elementor-element elementor-element-4f786ff2\" data-id=\"4f786ff2\" data-element_type=\"column\">\n\t\t\t<div class=\"elementor-widget-wrap elementor-element-populated\">\n\t\t\t\t\t\t<div class=\"elementor-element elementor-element-99c9bc elementor-widget__width-initial elementor-widget-tablet__width-inherit elementor-widget elementor-widget-text-editor\" data-id=\"99c9bc\" data-element_type=\"widget\" data-widget_type=\"text-editor.default\">\n\t\t\t\t<div class=\"elementor-widget-container\">\n\t\t\t\t\t\t\t<p>ANIIMA findet in der Psyche eines Menschen statt. Der Spieler \u00fcbernimmt die Rolle eines riesigen Manta Rochens und seiner Samurai Freunde, die sich ihren Weg in das Herz der psychische erk\u00e4mpfen. Auf ihrer Reise sammeln sie verlorene Seelenfragmente ein, um Zugang zu neuen Umgebungen freizuschalten.<\/p>\n<p>Die f\u00fcnf Samurai repr\u00e4sentieren verschiedene Aspekte der menschlichen Seele. Der Spieler kann zwischen den f\u00fcnf Samurai wechseln, um deren einzigartige Spezialf\u00e4higkeiten und Aktionen zu nutzen.<\/p><p><br><\/p>\t\t\t\t\t\t<\/div>\n\t\t\t\t<\/div>\n\t\t\t\t<div class=\"elementor-element elementor-element-5acca8f1 elementor-widget__width-initial elementor-widget-tablet__width-inherit elementor-widget elementor-widget-gallery\" data-id=\"5acca8f1\" data-element_type=\"widget\" data-settings=\"{&quot;gallery_layout&quot;:&quot;masonry&quot;,&quot;columns&quot;:1,&quot;columns_tablet&quot;:2,&quot;columns_mobile&quot;:1,&quot;gap&quot;:{&quot;unit&quot;:&quot;px&quot;,&quot;size&quot;:10,&quot;sizes&quot;:[]},&quot;gap_tablet&quot;:{&quot;unit&quot;:&quot;px&quot;,&quot;size&quot;:10,&quot;sizes&quot;:[]},&quot;gap_mobile&quot;:{&quot;unit&quot;:&quot;px&quot;,&quot;size&quot;:10,&quot;sizes&quot;:[]},&quot;link_to&quot;:&quot;file&quot;,&quot;overlay_background&quot;:&quot;yes&quot;,&quot;content_hover_animation&quot;:&quot;fade-in&quot;}\" data-widget_type=\"gallery.default\">\n\t\t\t\t<div class=\"elementor-widget-container\">\n\t\t\t\t\t<div class=\"elementor-gallery__container\">\n\t\t\t\t\t\t\t<a class=\"e-gallery-item elementor-gallery-item elementor-animated-content\" href=\"https:\/\/www.annaramseier.com\/wp-content\/uploads\/2023\/06\/anna-ramseier-aniima-the-giver-2.jpg\" data-elementor-open-lightbox=\"yes\" data-elementor-lightbox-slideshow=\"5acca8f1\" data-elementor-lightbox-title=\"anna-ramseier-aniima-the-giver-2\" data-e-action-hash=\"#elementor-action%3Aaction%3Dlightbox%26settings%3DeyJpZCI6MjU1MCwidXJsIjoiaHR0cHM6XC9cL3d3dy5hbm5hcmFtc2VpZXIuY29tXC93cC1jb250ZW50XC91cGxvYWRzXC8yMDIzXC8wNlwvYW5uYS1yYW1zZWllci1hbmlpbWEtdGhlLWdpdmVyLTIuanBnIiwic2xpZGVzaG93IjoiNWFjY2E4ZjEifQ%3D%3D\">\n\t\t\t\t\t<div class=\"e-gallery-image elementor-gallery-item__image\" data-thumbnail=\"https:\/\/www.annaramseier.com\/wp-content\/uploads\/2023\/06\/anna-ramseier-aniima-the-giver-2-1024x576.jpg\" data-width=\"800\" data-height=\"450\" aria-label=\"\" role=\"img\" ><\/div>\n\t\t\t\t\t\t\t\t\t\t\t<div class=\"elementor-gallery-item__overlay\"><\/div>\n\t\t\t\t\t\t\t\t\t\t\t\t\t\t<\/a>\n\t\t\t\t\t\t\t<a class=\"e-gallery-item elementor-gallery-item elementor-animated-content\" href=\"https:\/\/www.annaramseier.com\/wp-content\/uploads\/2023\/06\/aniima_shapes-scaled.jpg\" data-elementor-open-lightbox=\"yes\" data-elementor-lightbox-slideshow=\"5acca8f1\" data-elementor-lightbox-title=\"aniima_shapes\" data-e-action-hash=\"#elementor-action%3Aaction%3Dlightbox%26settings%3DeyJpZCI6MjU0OCwidXJsIjoiaHR0cHM6XC9cL3d3dy5hbm5hcmFtc2VpZXIuY29tXC93cC1jb250ZW50XC91cGxvYWRzXC8yMDIzXC8wNlwvYW5paW1hX3NoYXBlcy1zY2FsZWQuanBnIiwic2xpZGVzaG93IjoiNWFjY2E4ZjEifQ%3D%3D\">\n\t\t\t\t\t<div class=\"e-gallery-image elementor-gallery-item__image\" data-thumbnail=\"https:\/\/www.annaramseier.com\/wp-content\/uploads\/2023\/06\/aniima_shapes-1024x1024.jpg\" data-width=\"800\" data-height=\"800\" aria-label=\"\" role=\"img\" ><\/div>\n\t\t\t\t\t\t\t\t\t\t\t<div class=\"elementor-gallery-item__overlay\"><\/div>\n\t\t\t\t\t\t\t\t\t\t\t\t\t\t<\/a>\n\t\t\t\t\t\t\t<a class=\"e-gallery-item elementor-gallery-item elementor-animated-content\" href=\"https:\/\/www.annaramseier.com\/wp-content\/uploads\/2023\/06\/crew_shapes-scaled.jpg\" data-elementor-open-lightbox=\"yes\" data-elementor-lightbox-slideshow=\"5acca8f1\" data-elementor-lightbox-title=\"crew_shapes\" data-e-action-hash=\"#elementor-action%3Aaction%3Dlightbox%26settings%3DeyJpZCI6MjU0OSwidXJsIjoiaHR0cHM6XC9cL3d3dy5hbm5hcmFtc2VpZXIuY29tXC93cC1jb250ZW50XC91cGxvYWRzXC8yMDIzXC8wNlwvY3Jld19zaGFwZXMtc2NhbGVkLmpwZyIsInNsaWRlc2hvdyI6IjVhY2NhOGYxIn0%3D\">\n\t\t\t\t\t<div class=\"e-gallery-image elementor-gallery-item__image\" data-thumbnail=\"https:\/\/www.annaramseier.com\/wp-content\/uploads\/2023\/06\/crew_shapes-1024x1024.jpg\" data-width=\"800\" data-height=\"800\" aria-label=\"\" role=\"img\" ><\/div>\n\t\t\t\t\t\t\t\t\t\t\t<div class=\"elementor-gallery-item__overlay\"><\/div>\n\t\t\t\t\t\t\t\t\t\t\t\t\t\t<\/a>\n\t\t\t\t\t\t\t<a class=\"e-gallery-item elementor-gallery-item elementor-animated-content\" href=\"https:\/\/www.annaramseier.com\/wp-content\/uploads\/2023\/06\/anna-ramseier-aniima-the-seeker-2.jpg\" data-elementor-open-lightbox=\"yes\" data-elementor-lightbox-slideshow=\"5acca8f1\" data-elementor-lightbox-title=\"anna-ramseier-aniima-the-seeker-2\" data-e-action-hash=\"#elementor-action%3Aaction%3Dlightbox%26settings%3DeyJpZCI6MjU1MSwidXJsIjoiaHR0cHM6XC9cL3d3dy5hbm5hcmFtc2VpZXIuY29tXC93cC1jb250ZW50XC91cGxvYWRzXC8yMDIzXC8wNlwvYW5uYS1yYW1zZWllci1hbmlpbWEtdGhlLXNlZWtlci0yLmpwZyIsInNsaWRlc2hvdyI6IjVhY2NhOGYxIn0%3D\">\n\t\t\t\t\t<div class=\"e-gallery-image elementor-gallery-item__image\" data-thumbnail=\"https:\/\/www.annaramseier.com\/wp-content\/uploads\/2023\/06\/anna-ramseier-aniima-the-seeker-2-1024x576.jpg\" data-width=\"800\" data-height=\"450\" aria-label=\"\" role=\"img\" ><\/div>\n\t\t\t\t\t\t\t\t\t\t\t<div class=\"elementor-gallery-item__overlay\"><\/div>\n\t\t\t\t\t\t\t\t\t\t\t\t\t\t<\/a>\n\t\t\t\t\t\t\t<a class=\"e-gallery-item elementor-gallery-item elementor-animated-content\" href=\"https:\/\/www.annaramseier.com\/wp-content\/uploads\/2023\/06\/anna-ramseier-aniima-the-sage-2.jpg\" data-elementor-open-lightbox=\"yes\" data-elementor-lightbox-slideshow=\"5acca8f1\" data-elementor-lightbox-title=\"anna-ramseier-aniima-the-sage-2\" data-e-action-hash=\"#elementor-action%3Aaction%3Dlightbox%26settings%3DeyJpZCI6MjU1NiwidXJsIjoiaHR0cHM6XC9cL3d3dy5hbm5hcmFtc2VpZXIuY29tXC93cC1jb250ZW50XC91cGxvYWRzXC8yMDIzXC8wNlwvYW5uYS1yYW1zZWllci1hbmlpbWEtdGhlLXNhZ2UtMi5qcGciLCJzbGlkZXNob3ciOiI1YWNjYThmMSJ9\">\n\t\t\t\t\t<div class=\"e-gallery-image elementor-gallery-item__image\" data-thumbnail=\"https:\/\/www.annaramseier.com\/wp-content\/uploads\/2023\/06\/anna-ramseier-aniima-the-sage-2-1024x576.jpg\" data-width=\"800\" data-height=\"450\" aria-label=\"\" role=\"img\" ><\/div>\n\t\t\t\t\t\t\t\t\t\t\t<div class=\"elementor-gallery-item__overlay\"><\/div>\n\t\t\t\t\t\t\t\t\t\t\t\t\t\t<\/a>\n\t\t\t\t\t\t\t<a class=\"e-gallery-item elementor-gallery-item elementor-animated-content\" href=\"https:\/\/www.annaramseier.com\/wp-content\/uploads\/2023\/06\/Aniima_the_giver_3_comp.jpg\" data-elementor-open-lightbox=\"yes\" data-elementor-lightbox-slideshow=\"5acca8f1\" data-elementor-lightbox-title=\"Aniima_the_giver_3_comp\" data-e-action-hash=\"#elementor-action%3Aaction%3Dlightbox%26settings%3DeyJpZCI6MjU1MiwidXJsIjoiaHR0cHM6XC9cL3d3dy5hbm5hcmFtc2VpZXIuY29tXC93cC1jb250ZW50XC91cGxvYWRzXC8yMDIzXC8wNlwvQW5paW1hX3RoZV9naXZlcl8zX2NvbXAuanBnIiwic2xpZGVzaG93IjoiNWFjY2E4ZjEifQ%3D%3D\">\n\t\t\t\t\t<div class=\"e-gallery-image elementor-gallery-item__image\" data-thumbnail=\"https:\/\/www.annaramseier.com\/wp-content\/uploads\/2023\/06\/Aniima_the_giver_3_comp-1024x576.jpg\" data-width=\"800\" data-height=\"450\" aria-label=\"\" role=\"img\" ><\/div>\n\t\t\t\t\t\t\t\t\t\t\t<div class=\"elementor-gallery-item__overlay\"><\/div>\n\t\t\t\t\t\t\t\t\t\t\t\t\t\t<\/a>\n\t\t\t\t\t\t\t<a class=\"e-gallery-item elementor-gallery-item elementor-animated-content\" href=\"https:\/\/www.annaramseier.com\/wp-content\/uploads\/2023\/06\/anna-ramseier-crew-exploration-6.jpg\" data-elementor-open-lightbox=\"yes\" data-elementor-lightbox-slideshow=\"5acca8f1\" data-elementor-lightbox-title=\"anna-ramseier-crew-exploration-6\" data-e-action-hash=\"#elementor-action%3Aaction%3Dlightbox%26settings%3DeyJpZCI6MjU1MywidXJsIjoiaHR0cHM6XC9cL3d3dy5hbm5hcmFtc2VpZXIuY29tXC93cC1jb250ZW50XC91cGxvYWRzXC8yMDIzXC8wNlwvYW5uYS1yYW1zZWllci1jcmV3LWV4cGxvcmF0aW9uLTYuanBnIiwic2xpZGVzaG93IjoiNWFjY2E4ZjEifQ%3D%3D\">\n\t\t\t\t\t<div class=\"e-gallery-image elementor-gallery-item__image\" data-thumbnail=\"https:\/\/www.annaramseier.com\/wp-content\/uploads\/2023\/06\/anna-ramseier-crew-exploration-6-1024x724.jpg\" data-width=\"800\" data-height=\"566\" aria-label=\"\" role=\"img\" ><\/div>\n\t\t\t\t\t\t\t\t\t\t\t<div class=\"elementor-gallery-item__overlay\"><\/div>\n\t\t\t\t\t\t\t\t\t\t\t\t\t\t<\/a>\n\t\t\t\t\t\t\t<a class=\"e-gallery-item elementor-gallery-item elementor-animated-content\" href=\"https:\/\/www.annaramseier.com\/wp-content\/uploads\/2023\/06\/anna-ramseier-aniima-the-magician-2.jpg\" data-elementor-open-lightbox=\"yes\" data-elementor-lightbox-slideshow=\"5acca8f1\" data-elementor-lightbox-title=\"anna-ramseier-aniima-the-magician-2\" data-e-action-hash=\"#elementor-action%3Aaction%3Dlightbox%26settings%3DeyJpZCI6MjU1NSwidXJsIjoiaHR0cHM6XC9cL3d3dy5hbm5hcmFtc2VpZXIuY29tXC93cC1jb250ZW50XC91cGxvYWRzXC8yMDIzXC8wNlwvYW5uYS1yYW1zZWllci1hbmlpbWEtdGhlLW1hZ2ljaWFuLTIuanBnIiwic2xpZGVzaG93IjoiNWFjY2E4ZjEifQ%3D%3D\">\n\t\t\t\t\t<div class=\"e-gallery-image elementor-gallery-item__image\" data-thumbnail=\"https:\/\/www.annaramseier.com\/wp-content\/uploads\/2023\/06\/anna-ramseier-aniima-the-magician-2-1024x576.jpg\" data-width=\"800\" data-height=\"450\" aria-label=\"\" role=\"img\" ><\/div>\n\t\t\t\t\t\t\t\t\t\t\t<div class=\"elementor-gallery-item__overlay\"><\/div>\n\t\t\t\t\t\t\t\t\t\t\t\t\t\t<\/a>\n\t\t\t\t\t\t\t<a class=\"e-gallery-item elementor-gallery-item elementor-animated-content\" href=\"https:\/\/www.annaramseier.com\/wp-content\/uploads\/2023\/06\/anna-ramseier-aniima-the-lover.jpg\" data-elementor-open-lightbox=\"yes\" data-elementor-lightbox-slideshow=\"5acca8f1\" data-elementor-lightbox-title=\"anna-ramseier-aniima-the-lover\" data-e-action-hash=\"#elementor-action%3Aaction%3Dlightbox%26settings%3DeyJpZCI6MjU1NCwidXJsIjoiaHR0cHM6XC9cL3d3dy5hbm5hcmFtc2VpZXIuY29tXC93cC1jb250ZW50XC91cGxvYWRzXC8yMDIzXC8wNlwvYW5uYS1yYW1zZWllci1hbmlpbWEtdGhlLWxvdmVyLmpwZyIsInNsaWRlc2hvdyI6IjVhY2NhOGYxIn0%3D\">\n\t\t\t\t\t<div class=\"e-gallery-image elementor-gallery-item__image\" data-thumbnail=\"https:\/\/www.annaramseier.com\/wp-content\/uploads\/2023\/06\/anna-ramseier-aniima-the-lover-1024x576.jpg\" data-width=\"800\" data-height=\"450\" aria-label=\"\" role=\"img\" ><\/div>\n\t\t\t\t\t\t\t\t\t\t\t<div class=\"elementor-gallery-item__overlay\"><\/div>\n\t\t\t\t\t\t\t\t\t\t\t\t\t\t<\/a>\n\t\t\t\t\t<\/div>\n\t\t\t<\/div>\n\t\t\t\t<\/div>\n\t\t\t\t\t<\/div>\n\t\t<\/div>\n\t\t\t\t\t<\/div>\n\t\t<\/section>\n\t\t\t\t<\/div>","protected":false},"excerpt":{"rendered":"<p>Samurai of the Soul &#8211; ANIIMA Aniima is a 2D platformer that is taking place within the psyche of a person. The player takes the role of a giant manta ray and its samurai friends, which are fighting their way into the heart of the psychic landscape. On their journey they are collecting lost fragments [&hellip;]<\/p>","protected":false},"author":1,"featured_media":2188,"parent":0,"menu_order":0,"comment_status":"closed","ping_status":"closed","template":"","meta":{"footnotes":""},"class_list":["post-2543","page","type-page","status-publish","has-post-thumbnail","hentry"],"_links":{"self":[{"href":"https:\/\/www.annaramseier.com\/de\/wp-json\/wp\/v2\/pages\/2543","targetHints":{"allow":["GET"]}}],"collection":[{"href":"https:\/\/www.annaramseier.com\/de\/wp-json\/wp\/v2\/pages"}],"about":[{"href":"https:\/\/www.annaramseier.com\/de\/wp-json\/wp\/v2\/types\/page"}],"author":[{"embeddable":true,"href":"https:\/\/www.annaramseier.com\/de\/wp-json\/wp\/v2\/users\/1"}],"replies":[{"embeddable":true,"href":"https:\/\/www.annaramseier.com\/de\/wp-json\/wp\/v2\/comments?post=2543"}],"version-history":[{"count":26,"href":"https:\/\/www.annaramseier.com\/de\/wp-json\/wp\/v2\/pages\/2543\/revisions"}],"predecessor-version":[{"id":3286,"href":"https:\/\/www.annaramseier.com\/de\/wp-json\/wp\/v2\/pages\/2543\/revisions\/3286"}],"wp:featuredmedia":[{"embeddable":true,"href":"https:\/\/www.annaramseier.com\/de\/wp-json\/wp\/v2\/media\/2188"}],"wp:attachment":[{"href":"https:\/\/www.annaramseier.com\/de\/wp-json\/wp\/v2\/media?parent=2543"}],"curies":[{"name":"wp","href":"https:\/\/api.w.org\/{rel}","templated":true}]}}