{"id":2617,"date":"2023-06-27T21:14:03","date_gmt":"2023-06-27T19:14:03","guid":{"rendered":"https:\/\/www.annaramseier.com\/?page_id=2617"},"modified":"2024-05-05T11:03:03","modified_gmt":"2024-05-05T09:03:03","slug":"wild-prosperity","status":"publish","type":"page","link":"https:\/\/www.annaramseier.com\/de\/wild-prosperity\/","title":{"rendered":"Wilder Reichtum"},"content":{"rendered":"<div data-elementor-type=\"wp-page\" data-elementor-id=\"2617\" class=\"elementor elementor-2617\" data-elementor-post-type=\"page\">\n\t\t\t\t\t\t<section class=\"elementor-section elementor-top-section elementor-element elementor-element-ac9ac52 elementor-section-boxed elementor-section-height-default elementor-section-height-default\" data-id=\"ac9ac52\" data-element_type=\"section\">\n\t\t\t\t\t\t<div class=\"elementor-container elementor-column-gap-default\">\n\t\t\t\t\t<div class=\"elementor-column elementor-col-100 elementor-top-column elementor-element elementor-element-37e76137\" data-id=\"37e76137\" data-element_type=\"column\">\n\t\t\t<div class=\"elementor-widget-wrap elementor-element-populated\">\n\t\t\t\t\t\t<div class=\"elementor-element elementor-element-6eae4d72 elementor-widget__width-initial elementor-widget-mobile__width-inherit elementor-widget elementor-widget-text-editor\" data-id=\"6eae4d72\" data-element_type=\"widget\" data-widget_type=\"text-editor.default\">\n\t\t\t\t<div class=\"elementor-widget-container\">\n\t\t\t\t\t\t\t<p>Wilder Reichtum<\/p>\t\t\t\t\t\t<\/div>\n\t\t\t\t<\/div>\n\t\t\t\t<div class=\"elementor-element elementor-element-2dfc48ae elementor-widget__width-initial elementor-widget-mobile__width-inherit elementor-widget elementor-widget-text-editor\" data-id=\"2dfc48ae\" data-element_type=\"widget\" data-widget_type=\"text-editor.default\">\n\t\t\t\t<div class=\"elementor-widget-container\">\n\t\t\t\t\t\t\t<p>Wilder Reichtum wurde gemalt, um den Reichtum und die F\u00fclle der nat\u00fcrlichen Welt zu w\u00fcrdigen. Das Gem\u00e4lde zeigt eine Kultur, die im tropischen Regenwald lebt und aufbl\u00fcht und einen eigenen Sinn f\u00fcr Wohlstand und F\u00fclle entwickelt hat. \ud83c\udf3f<\/p>\t\t\t\t\t\t<\/div>\n\t\t\t\t<\/div>\n\t\t\t\t\t<\/div>\n\t\t<\/div>\n\t\t\t\t\t<\/div>\n\t\t<\/section>\n\t\t\t\t<section class=\"elementor-section elementor-top-section elementor-element elementor-element-56370292 elementor-section-boxed elementor-section-height-default elementor-section-height-default\" data-id=\"56370292\" data-element_type=\"section\">\n\t\t\t\t\t\t<div class=\"elementor-container elementor-column-gap-default\">\n\t\t\t\t\t<div class=\"elementor-column elementor-col-100 elementor-top-column elementor-element elementor-element-53b13078\" data-id=\"53b13078\" data-element_type=\"column\">\n\t\t\t<div class=\"elementor-widget-wrap elementor-element-populated\">\n\t\t\t\t\t\t<div class=\"elementor-element elementor-element-1a2fd4b2 elementor-widget__width-initial elementor-widget-mobile__width-inherit elementor-widget elementor-widget-gallery\" data-id=\"1a2fd4b2\" data-element_type=\"widget\" data-settings=\"{&quot;gallery_layout&quot;:&quot;masonry&quot;,&quot;columns&quot;:1,&quot;columns_tablet&quot;:1,&quot;columns_mobile&quot;:1,&quot;gap&quot;:{&quot;unit&quot;:&quot;px&quot;,&quot;size&quot;:10,&quot;sizes&quot;:[]},&quot;gap_tablet&quot;:{&quot;unit&quot;:&quot;px&quot;,&quot;size&quot;:10,&quot;sizes&quot;:[]},&quot;gap_mobile&quot;:{&quot;unit&quot;:&quot;px&quot;,&quot;size&quot;:10,&quot;sizes&quot;:[]},&quot;link_to&quot;:&quot;file&quot;,&quot;overlay_background&quot;:&quot;yes&quot;,&quot;content_hover_animation&quot;:&quot;fade-in&quot;}\" data-widget_type=\"gallery.default\">\n\t\t\t\t<div class=\"elementor-widget-container\">\n\t\t\t\t\t<div class=\"elementor-gallery__container\">\n\t\t\t\t\t\t\t<a class=\"e-gallery-item elementor-gallery-item elementor-animated-content\" href=\"https:\/\/www.annaramseier.com\/wp-content\/uploads\/2023\/06\/Wild_Prosperity_anna_ramseier.jpg\" data-elementor-open-lightbox=\"yes\" data-elementor-lightbox-slideshow=\"1a2fd4b2\" data-elementor-lightbox-title=\"Wild_Prosperity_anna_ramseier\" data-e-action-hash=\"#elementor-action%3Aaction%3Dlightbox%26settings%3DeyJpZCI6MjYyMCwidXJsIjoiaHR0cHM6XC9cL3d3dy5hbm5hcmFtc2VpZXIuY29tXC93cC1jb250ZW50XC91cGxvYWRzXC8yMDIzXC8wNlwvV2lsZF9Qcm9zcGVyaXR5X2FubmFfcmFtc2VpZXIuanBnIiwic2xpZGVzaG93IjoiMWEyZmQ0YjIifQ%3D%3D\">\n\t\t\t\t\t<div class=\"e-gallery-image elementor-gallery-item__image\" data-thumbnail=\"https:\/\/www.annaramseier.com\/wp-content\/uploads\/2023\/06\/Wild_Prosperity_anna_ramseier.jpg\" data-width=\"800\" data-height=\"412\" aria-label=\"\" role=\"img\" ><\/div>\n\t\t\t\t\t\t\t\t\t\t\t<div class=\"elementor-gallery-item__overlay\"><\/div>\n\t\t\t\t\t\t\t\t\t\t\t\t\t\t<\/a>\n\t\t\t\t\t\t\t<a class=\"e-gallery-item elementor-gallery-item elementor-animated-content\" href=\"https:\/\/www.annaramseier.com\/wp-content\/uploads\/2023\/06\/Wild_Prosperity_anna_ramseier_closeup.jpg\" data-elementor-open-lightbox=\"yes\" data-elementor-lightbox-slideshow=\"1a2fd4b2\" data-elementor-lightbox-title=\"Wild_Prosperity_anna_ramseier_closeup\" data-e-action-hash=\"#elementor-action%3Aaction%3Dlightbox%26settings%3DeyJpZCI6MjYxOSwidXJsIjoiaHR0cHM6XC9cL3d3dy5hbm5hcmFtc2VpZXIuY29tXC93cC1jb250ZW50XC91cGxvYWRzXC8yMDIzXC8wNlwvV2lsZF9Qcm9zcGVyaXR5X2FubmFfcmFtc2VpZXJfY2xvc2V1cC5qcGciLCJzbGlkZXNob3ciOiIxYTJmZDRiMiJ9\">\n\t\t\t\t\t<div class=\"e-gallery-image elementor-gallery-item__image\" data-thumbnail=\"https:\/\/www.annaramseier.com\/wp-content\/uploads\/2023\/06\/Wild_Prosperity_anna_ramseier_closeup-1024x1024.jpg\" data-width=\"800\" data-height=\"800\" aria-label=\"\" role=\"img\" ><\/div>\n\t\t\t\t\t\t\t\t\t\t\t<div class=\"elementor-gallery-item__overlay\"><\/div>\n\t\t\t\t\t\t\t\t\t\t\t\t\t\t<\/a>\n\t\t\t\t\t\t\t<a class=\"e-gallery-item elementor-gallery-item elementor-animated-content\" href=\"https:\/\/www.annaramseier.com\/wp-content\/uploads\/2023\/06\/wild-prosperity-anna-ramseier-sketch.jpg\" data-elementor-open-lightbox=\"yes\" data-elementor-lightbox-slideshow=\"1a2fd4b2\" data-elementor-lightbox-title=\"wild-prosperity-anna-ramseier-sketch\" data-e-action-hash=\"#elementor-action%3Aaction%3Dlightbox%26settings%3DeyJpZCI6MjYyMSwidXJsIjoiaHR0cHM6XC9cL3d3dy5hbm5hcmFtc2VpZXIuY29tXC93cC1jb250ZW50XC91cGxvYWRzXC8yMDIzXC8wNlwvd2lsZC1wcm9zcGVyaXR5LWFubmEtcmFtc2VpZXItc2tldGNoLmpwZyIsInNsaWRlc2hvdyI6IjFhMmZkNGIyIn0%3D\">\n\t\t\t\t\t<div class=\"e-gallery-image elementor-gallery-item__image\" data-thumbnail=\"https:\/\/www.annaramseier.com\/wp-content\/uploads\/2023\/06\/wild-prosperity-anna-ramseier-sketch-1024x882.jpg\" data-width=\"800\" data-height=\"689\" aria-label=\"\" role=\"img\" ><\/div>\n\t\t\t\t\t\t\t\t\t\t\t<div class=\"elementor-gallery-item__overlay\"><\/div>\n\t\t\t\t\t\t\t\t\t\t\t\t\t\t<\/a>\n\t\t\t\t\t<\/div>\n\t\t\t<\/div>\n\t\t\t\t<\/div>\n\t\t\t\t\t<\/div>\n\t\t<\/div>\n\t\t\t\t\t<\/div>\n\t\t<\/section>\n\t\t\t\t<\/div>","protected":false},"excerpt":{"rendered":"<p>Wild Prosperity Wild Prosperity was painted to honor the richness and abundance of the natural world. The painting shows a culture that flourishes and prospers in the tropical rainforest and has its own sense of wealth and abundance. \ud83c\udf3f<\/p>","protected":false},"author":1,"featured_media":2620,"parent":0,"menu_order":0,"comment_status":"closed","ping_status":"closed","template":"","meta":{"footnotes":""},"class_list":["post-2617","page","type-page","status-publish","has-post-thumbnail","hentry"],"_links":{"self":[{"href":"https:\/\/www.annaramseier.com\/de\/wp-json\/wp\/v2\/pages\/2617","targetHints":{"allow":["GET"]}}],"collection":[{"href":"https:\/\/www.annaramseier.com\/de\/wp-json\/wp\/v2\/pages"}],"about":[{"href":"https:\/\/www.annaramseier.com\/de\/wp-json\/wp\/v2\/types\/page"}],"author":[{"embeddable":true,"href":"https:\/\/www.annaramseier.com\/de\/wp-json\/wp\/v2\/users\/1"}],"replies":[{"embeddable":true,"href":"https:\/\/www.annaramseier.com\/de\/wp-json\/wp\/v2\/comments?post=2617"}],"version-history":[{"count":19,"href":"https:\/\/www.annaramseier.com\/de\/wp-json\/wp\/v2\/pages\/2617\/revisions"}],"predecessor-version":[{"id":3305,"href":"https:\/\/www.annaramseier.com\/de\/wp-json\/wp\/v2\/pages\/2617\/revisions\/3305"}],"wp:featuredmedia":[{"embeddable":true,"href":"https:\/\/www.annaramseier.com\/de\/wp-json\/wp\/v2\/media\/2620"}],"wp:attachment":[{"href":"https:\/\/www.annaramseier.com\/de\/wp-json\/wp\/v2\/media?parent=2617"}],"curies":[{"name":"wp","href":"https:\/\/api.w.org\/{rel}","templated":true}]}}