{"id":2638,"date":"2023-06-27T21:59:21","date_gmt":"2023-06-27T19:59:21","guid":{"rendered":"https:\/\/www.annaramseier.com\/?page_id=2638"},"modified":"2023-06-28T14:42:34","modified_gmt":"2023-06-28T12:42:34","slug":"himalayan-fishermans-hut","status":"publish","type":"page","link":"https:\/\/www.annaramseier.com\/de\/himalayan-fishermans-hut\/","title":{"rendered":"Die Fischerh\u00fctte im Himalaya"},"content":{"rendered":"<div data-elementor-type=\"wp-page\" data-elementor-id=\"2638\" class=\"elementor elementor-2638\" data-elementor-post-type=\"page\">\n\t\t\t\t\t\t<section class=\"elementor-section elementor-top-section elementor-element elementor-element-398563ae elementor-section-boxed elementor-section-height-default elementor-section-height-default\" data-id=\"398563ae\" data-element_type=\"section\">\n\t\t\t\t\t\t<div class=\"elementor-container elementor-column-gap-default\">\n\t\t\t\t\t<div class=\"elementor-column elementor-col-100 elementor-top-column elementor-element elementor-element-3ac703c0\" data-id=\"3ac703c0\" data-element_type=\"column\">\n\t\t\t<div class=\"elementor-widget-wrap elementor-element-populated\">\n\t\t\t\t\t\t<div class=\"elementor-element elementor-element-778dfdda elementor-widget__width-initial elementor-widget-mobile__width-inherit elementor-widget elementor-widget-text-editor\" data-id=\"778dfdda\" data-element_type=\"widget\" data-widget_type=\"text-editor.default\">\n\t\t\t\t<div class=\"elementor-widget-container\">\n\t\t\t\t\t\t\t<p>Die Fischerh\u00fctte im Himalaya<\/p>\t\t\t\t\t\t<\/div>\n\t\t\t\t<\/div>\n\t\t\t\t<div class=\"elementor-element elementor-element-4089bb35 elementor-widget__width-initial elementor-widget-mobile__width-inherit elementor-widget elementor-widget-text-editor\" data-id=\"4089bb35\" data-element_type=\"widget\" data-widget_type=\"text-editor.default\">\n\t\t\t\t<div class=\"elementor-widget-container\">\n\t\t\t\t\t\t\t<p>Dieser Querschnitt wurde f\u00fcr ein dystopisches Szenario entwickelt, in dem der Meeresspiegel drastisch anstieg und die einzigen \u00dcberlebenden sich in die Berge des Himalaya zur\u00fcckzogen, wo sie sich an den Fischfang gew\u00f6hnten.<\/p><p>Der Schnitt zeigt den Gebets- und Schlafbereich im Obergeschoss und den Bereich zur Aufbewahrung der Angelausr\u00fcstung im Untergeschoss. Das Haus wurde urspr\u00fcnglich als Bergh\u00fctte gebaut, liegt heute aber auf Meeresh\u00f6he und dient als Anlegestelle f\u00fcr die Boote.<\/p>\t\t\t\t\t\t<\/div>\n\t\t\t\t<\/div>\n\t\t\t\t\t<\/div>\n\t\t<\/div>\n\t\t\t\t\t<\/div>\n\t\t<\/section>\n\t\t\t\t<section class=\"elementor-section elementor-top-section elementor-element elementor-element-78c6d34 elementor-section-boxed elementor-section-height-default elementor-section-height-default\" data-id=\"78c6d34\" data-element_type=\"section\">\n\t\t\t\t\t\t<div class=\"elementor-container elementor-column-gap-default\">\n\t\t\t\t\t<div class=\"elementor-column elementor-col-100 elementor-top-column elementor-element elementor-element-6d160f50\" data-id=\"6d160f50\" data-element_type=\"column\">\n\t\t\t<div class=\"elementor-widget-wrap elementor-element-populated\">\n\t\t\t\t\t\t<div class=\"elementor-element elementor-element-5dbea2c6 elementor-widget__width-initial elementor-widget-mobile__width-inherit elementor-widget elementor-widget-gallery\" data-id=\"5dbea2c6\" data-element_type=\"widget\" data-settings=\"{&quot;gallery_layout&quot;:&quot;masonry&quot;,&quot;columns&quot;:1,&quot;columns_tablet&quot;:1,&quot;columns_mobile&quot;:1,&quot;gap&quot;:{&quot;unit&quot;:&quot;px&quot;,&quot;size&quot;:10,&quot;sizes&quot;:[]},&quot;gap_tablet&quot;:{&quot;unit&quot;:&quot;px&quot;,&quot;size&quot;:10,&quot;sizes&quot;:[]},&quot;gap_mobile&quot;:{&quot;unit&quot;:&quot;px&quot;,&quot;size&quot;:10,&quot;sizes&quot;:[]},&quot;link_to&quot;:&quot;file&quot;,&quot;overlay_background&quot;:&quot;yes&quot;,&quot;content_hover_animation&quot;:&quot;fade-in&quot;}\" data-widget_type=\"gallery.default\">\n\t\t\t\t<div class=\"elementor-widget-container\">\n\t\t\t\t\t<div class=\"elementor-gallery__container\">\n\t\t\t\t\t\t\t<a class=\"e-gallery-item elementor-gallery-item elementor-animated-content\" href=\"https:\/\/www.annaramseier.com\/wp-content\/uploads\/2023\/06\/himalayan-hut-anna-ramseier.jpg\" data-elementor-open-lightbox=\"yes\" data-elementor-lightbox-slideshow=\"5dbea2c6\" data-elementor-lightbox-title=\"himalayan-hut-anna-ramseier\" data-e-action-hash=\"#elementor-action%3Aaction%3Dlightbox%26settings%3DeyJpZCI6MjY0NSwidXJsIjoiaHR0cHM6XC9cL3d3dy5hbm5hcmFtc2VpZXIuY29tXC93cC1jb250ZW50XC91cGxvYWRzXC8yMDIzXC8wNlwvaGltYWxheWFuLWh1dC1hbm5hLXJhbXNlaWVyLmpwZyIsInNsaWRlc2hvdyI6IjVkYmVhMmM2In0%3D\">\n\t\t\t\t\t<div class=\"e-gallery-image elementor-gallery-item__image\" data-thumbnail=\"https:\/\/www.annaramseier.com\/wp-content\/uploads\/2023\/06\/himalayan-hut-anna-ramseier-1024x545.jpg\" data-width=\"800\" data-height=\"426\" aria-label=\"\" role=\"img\" ><\/div>\n\t\t\t\t\t\t\t\t\t\t\t<div class=\"elementor-gallery-item__overlay\"><\/div>\n\t\t\t\t\t\t\t\t\t\t\t\t\t\t<\/a>\n\t\t\t\t\t\t\t<a class=\"e-gallery-item elementor-gallery-item elementor-animated-content\" href=\"https:\/\/www.annaramseier.com\/wp-content\/uploads\/2023\/06\/anna-ramseier-cutdrawing-base.jpg\" data-elementor-open-lightbox=\"yes\" data-elementor-lightbox-slideshow=\"5dbea2c6\" data-elementor-lightbox-title=\"anna-ramseier-cutdrawing-base\" data-e-action-hash=\"#elementor-action%3Aaction%3Dlightbox%26settings%3DeyJpZCI6MjY0MCwidXJsIjoiaHR0cHM6XC9cL3d3dy5hbm5hcmFtc2VpZXIuY29tXC93cC1jb250ZW50XC91cGxvYWRzXC8yMDIzXC8wNlwvYW5uYS1yYW1zZWllci1jdXRkcmF3aW5nLWJhc2UuanBnIiwic2xpZGVzaG93IjoiNWRiZWEyYzYifQ%3D%3D\">\n\t\t\t\t\t<div class=\"e-gallery-image elementor-gallery-item__image\" data-thumbnail=\"https:\/\/www.annaramseier.com\/wp-content\/uploads\/2023\/06\/anna-ramseier-cutdrawing-base-1024x724.jpg\" data-width=\"800\" data-height=\"566\" aria-label=\"\" role=\"img\" ><\/div>\n\t\t\t\t\t\t\t\t\t\t\t<div class=\"elementor-gallery-item__overlay\"><\/div>\n\t\t\t\t\t\t\t\t\t\t\t\t\t\t<\/a>\n\t\t\t\t\t\t\t<a class=\"e-gallery-item elementor-gallery-item elementor-animated-content\" href=\"https:\/\/www.annaramseier.com\/wp-content\/uploads\/2023\/06\/himalayan_hut_anna_ramseier_closeup.jpg\" data-elementor-open-lightbox=\"yes\" data-elementor-lightbox-slideshow=\"5dbea2c6\" data-elementor-lightbox-title=\"himalayan_hut_anna_ramseier_closeup\" data-e-action-hash=\"#elementor-action%3Aaction%3Dlightbox%26settings%3DeyJpZCI6MjY0MywidXJsIjoiaHR0cHM6XC9cL3d3dy5hbm5hcmFtc2VpZXIuY29tXC93cC1jb250ZW50XC91cGxvYWRzXC8yMDIzXC8wNlwvaGltYWxheWFuX2h1dF9hbm5hX3JhbXNlaWVyX2Nsb3NldXAuanBnIiwic2xpZGVzaG93IjoiNWRiZWEyYzYifQ%3D%3D\">\n\t\t\t\t\t<div class=\"e-gallery-image elementor-gallery-item__image\" data-thumbnail=\"https:\/\/www.annaramseier.com\/wp-content\/uploads\/2023\/06\/himalayan_hut_anna_ramseier_closeup-1024x1024.jpg\" data-width=\"800\" data-height=\"800\" aria-label=\"\" role=\"img\" ><\/div>\n\t\t\t\t\t\t\t\t\t\t\t<div class=\"elementor-gallery-item__overlay\"><\/div>\n\t\t\t\t\t\t\t\t\t\t\t\t\t\t<\/a>\n\t\t\t\t\t\t\t<a class=\"e-gallery-item elementor-gallery-item elementor-animated-content\" href=\"https:\/\/www.annaramseier.com\/wp-content\/uploads\/2023\/06\/himalayan-hut-anna-ramseier-sketches.jpg\" data-elementor-open-lightbox=\"yes\" data-elementor-lightbox-slideshow=\"5dbea2c6\" data-elementor-lightbox-title=\"himalayan-hut-anna-ramseier-sketches\" data-e-action-hash=\"#elementor-action%3Aaction%3Dlightbox%26settings%3DeyJpZCI6MjY0NCwidXJsIjoiaHR0cHM6XC9cL3d3dy5hbm5hcmFtc2VpZXIuY29tXC93cC1jb250ZW50XC91cGxvYWRzXC8yMDIzXC8wNlwvaGltYWxheWFuLWh1dC1hbm5hLXJhbXNlaWVyLXNrZXRjaGVzLmpwZyIsInNsaWRlc2hvdyI6IjVkYmVhMmM2In0%3D\">\n\t\t\t\t\t<div class=\"e-gallery-image elementor-gallery-item__image\" data-thumbnail=\"https:\/\/www.annaramseier.com\/wp-content\/uploads\/2023\/06\/himalayan-hut-anna-ramseier-sketches-1024x545.jpg\" data-width=\"800\" data-height=\"426\" aria-label=\"\" role=\"img\" ><\/div>\n\t\t\t\t\t\t\t\t\t\t\t<div class=\"elementor-gallery-item__overlay\"><\/div>\n\t\t\t\t\t\t\t\t\t\t\t\t\t\t<\/a>\n\t\t\t\t\t\t\t<a class=\"e-gallery-item elementor-gallery-item elementor-animated-content\" href=\"https:\/\/www.annaramseier.com\/wp-content\/uploads\/2023\/06\/anna-ramseier-cutdrawing.jpg\" data-elementor-open-lightbox=\"yes\" data-elementor-lightbox-slideshow=\"5dbea2c6\" data-elementor-lightbox-title=\"anna-ramseier-cutdrawing\" data-e-action-hash=\"#elementor-action%3Aaction%3Dlightbox%26settings%3DeyJpZCI6MjY0MiwidXJsIjoiaHR0cHM6XC9cL3d3dy5hbm5hcmFtc2VpZXIuY29tXC93cC1jb250ZW50XC91cGxvYWRzXC8yMDIzXC8wNlwvYW5uYS1yYW1zZWllci1jdXRkcmF3aW5nLmpwZyIsInNsaWRlc2hvdyI6IjVkYmVhMmM2In0%3D\">\n\t\t\t\t\t<div class=\"e-gallery-image elementor-gallery-item__image\" data-thumbnail=\"https:\/\/www.annaramseier.com\/wp-content\/uploads\/2023\/06\/anna-ramseier-cutdrawing-1024x724.jpg\" data-width=\"800\" data-height=\"566\" aria-label=\"\" role=\"img\" ><\/div>\n\t\t\t\t\t\t\t\t\t\t\t<div class=\"elementor-gallery-item__overlay\"><\/div>\n\t\t\t\t\t\t\t\t\t\t\t\t\t\t<\/a>\n\t\t\t\t\t\t\t<a class=\"e-gallery-item elementor-gallery-item elementor-animated-content\" href=\"https:\/\/www.annaramseier.com\/wp-content\/uploads\/2023\/06\/himalayan-hut-anna-ramseier-cutaway.jpg\" data-elementor-open-lightbox=\"yes\" data-elementor-lightbox-slideshow=\"5dbea2c6\" data-elementor-lightbox-title=\"himalayan-hut-anna-ramseier-cutaway\" data-e-action-hash=\"#elementor-action%3Aaction%3Dlightbox%26settings%3DeyJpZCI6MjY2MCwidXJsIjoiaHR0cHM6XC9cL3d3dy5hbm5hcmFtc2VpZXIuY29tXC93cC1jb250ZW50XC91cGxvYWRzXC8yMDIzXC8wNlwvaGltYWxheWFuLWh1dC1hbm5hLXJhbXNlaWVyLWN1dGF3YXkuanBnIiwic2xpZGVzaG93IjoiNWRiZWEyYzYifQ%3D%3D\">\n\t\t\t\t\t<div class=\"e-gallery-image elementor-gallery-item__image\" data-thumbnail=\"https:\/\/www.annaramseier.com\/wp-content\/uploads\/2023\/06\/himalayan-hut-anna-ramseier-cutaway.jpg\" data-width=\"800\" data-height=\"800\" aria-label=\"\" role=\"img\" ><\/div>\n\t\t\t\t\t\t\t\t\t\t\t<div class=\"elementor-gallery-item__overlay\"><\/div>\n\t\t\t\t\t\t\t\t\t\t\t\t\t\t<\/a>\n\t\t\t\t\t<\/div>\n\t\t\t<\/div>\n\t\t\t\t<\/div>\n\t\t\t\t\t<\/div>\n\t\t<\/div>\n\t\t\t\t\t<\/div>\n\t\t<\/section>\n\t\t\t\t<\/div>","protected":false},"excerpt":{"rendered":"<p>Himalayan Fisherman&#8217;s Hut This Cutaway was developed for a dystopian scenario in which\u00a0the sea level rose drastically and the only survivors retreated to the Himalayan mountains where they adapted to catch fish. The Cutaway shows the praying and sleeping area on the upper floor and the area used to store the fishing equipment on the [&hellip;]<\/p>","protected":false},"author":1,"featured_media":2653,"parent":0,"menu_order":0,"comment_status":"closed","ping_status":"closed","template":"","meta":{"footnotes":""},"class_list":["post-2638","page","type-page","status-publish","has-post-thumbnail","hentry"],"_links":{"self":[{"href":"https:\/\/www.annaramseier.com\/de\/wp-json\/wp\/v2\/pages\/2638","targetHints":{"allow":["GET"]}}],"collection":[{"href":"https:\/\/www.annaramseier.com\/de\/wp-json\/wp\/v2\/pages"}],"about":[{"href":"https:\/\/www.annaramseier.com\/de\/wp-json\/wp\/v2\/types\/page"}],"author":[{"embeddable":true,"href":"https:\/\/www.annaramseier.com\/de\/wp-json\/wp\/v2\/users\/1"}],"replies":[{"embeddable":true,"href":"https:\/\/www.annaramseier.com\/de\/wp-json\/wp\/v2\/comments?post=2638"}],"version-history":[{"count":13,"href":"https:\/\/www.annaramseier.com\/de\/wp-json\/wp\/v2\/pages\/2638\/revisions"}],"predecessor-version":[{"id":2663,"href":"https:\/\/www.annaramseier.com\/de\/wp-json\/wp\/v2\/pages\/2638\/revisions\/2663"}],"wp:featuredmedia":[{"embeddable":true,"href":"https:\/\/www.annaramseier.com\/de\/wp-json\/wp\/v2\/media\/2653"}],"wp:attachment":[{"href":"https:\/\/www.annaramseier.com\/de\/wp-json\/wp\/v2\/media?parent=2638"}],"curies":[{"name":"wp","href":"https:\/\/api.w.org\/{rel}","templated":true}]}}