{"id":2695,"date":"2023-06-28T12:09:08","date_gmt":"2023-06-28T10:09:08","guid":{"rendered":"https:\/\/www.annaramseier.com\/?page_id=2695"},"modified":"2024-05-05T09:10:30","modified_gmt":"2024-05-05T07:10:30","slug":"aniima-abuja","status":"publish","type":"page","link":"https:\/\/www.annaramseier.com\/de\/aniima-abuja\/","title":{"rendered":"ANIIMA &#8211; Abuja"},"content":{"rendered":"<div data-elementor-type=\"wp-page\" data-elementor-id=\"2695\" class=\"elementor elementor-2695\" data-elementor-post-type=\"page\">\n\t\t\t\t\t\t<section class=\"elementor-section elementor-top-section elementor-element elementor-element-775669ad elementor-section-boxed elementor-section-height-default elementor-section-height-default\" data-id=\"775669ad\" data-element_type=\"section\">\n\t\t\t\t\t\t<div class=\"elementor-container elementor-column-gap-default\">\n\t\t\t\t\t<div class=\"elementor-column elementor-col-100 elementor-top-column elementor-element elementor-element-71dd36cb\" data-id=\"71dd36cb\" data-element_type=\"column\">\n\t\t\t<div class=\"elementor-widget-wrap elementor-element-populated\">\n\t\t\t\t\t\t<div class=\"elementor-element elementor-element-7db7df25 elementor-widget__width-initial elementor-widget-mobile__width-inherit elementor-widget elementor-widget-text-editor\" data-id=\"7db7df25\" data-element_type=\"widget\" data-widget_type=\"text-editor.default\">\n\t\t\t\t<div class=\"elementor-widget-container\">\n\t\t\t\t\t\t\t<p>Abuja \u2013 Manta Rochen der Wahrheit<\/p>\t\t\t\t\t\t<\/div>\n\t\t\t\t<\/div>\n\t\t\t\t<div class=\"elementor-element elementor-element-211ee2ae elementor-widget__width-initial elementor-widget-mobile__width-inherit elementor-widget elementor-widget-text-editor\" data-id=\"211ee2ae\" data-element_type=\"widget\" data-widget_type=\"text-editor.default\">\n\t\t\t\t<div class=\"elementor-widget-container\">\n\t\t\t\t\t\t\t<div class=\"page\" title=\"Page 5\"><div class=\"section\"><div class=\"layoutArea\"><div class=\"column\"><p>Abjua wurde als einer der Hauptcharaktere f\u00fcr das Side-Scrolling Spiel ANIIMA erschaffen.<\/p><p>ANIIMA findet in der Psyche eines Menschen statt. Der Spieler \u00fcbernimmt die Rolle eines riesigen Manta Rochens und seiner Samurai Freunde, die sich ihren Weg in das Herz der psychische erk\u00e4mpfen. Auf ihrer Reise sammeln sie verlorene Seelenfragmente ein, um Zugang zu neuen Umgebungen freizuschalten.<\/p><p>Als heiliges Gef\u00e4hrt schwebte Abuja schon seit Jahrhunderten durch das psychische Terrain. Er tr\u00e4gt die Samurai auf seinem R\u00fccken und in seinem Innersten tr\u00e4gt er die Tr\u00e4ume und \u00dcberzeugungen des Menschen.<\/p><\/div><\/div><\/div><\/div>\t\t\t\t\t\t<\/div>\n\t\t\t\t<\/div>\n\t\t\t\t\t<\/div>\n\t\t<\/div>\n\t\t\t\t\t<\/div>\n\t\t<\/section>\n\t\t\t\t<section class=\"elementor-section elementor-top-section elementor-element elementor-element-3e878a89 elementor-section-boxed elementor-section-height-default elementor-section-height-default\" data-id=\"3e878a89\" data-element_type=\"section\">\n\t\t\t\t\t\t<div class=\"elementor-container elementor-column-gap-default\">\n\t\t\t\t\t<div class=\"elementor-column elementor-col-100 elementor-top-column elementor-element elementor-element-12ac2f6c\" data-id=\"12ac2f6c\" data-element_type=\"column\">\n\t\t\t<div class=\"elementor-widget-wrap elementor-element-populated\">\n\t\t\t\t\t\t<div class=\"elementor-element elementor-element-18aaf583 elementor-widget__width-initial elementor-widget-mobile__width-inherit elementor-widget elementor-widget-gallery\" data-id=\"18aaf583\" data-element_type=\"widget\" data-settings=\"{&quot;gallery_layout&quot;:&quot;masonry&quot;,&quot;columns&quot;:1,&quot;columns_tablet&quot;:1,&quot;columns_mobile&quot;:1,&quot;gap&quot;:{&quot;unit&quot;:&quot;px&quot;,&quot;size&quot;:10,&quot;sizes&quot;:[]},&quot;gap_tablet&quot;:{&quot;unit&quot;:&quot;px&quot;,&quot;size&quot;:10,&quot;sizes&quot;:[]},&quot;gap_mobile&quot;:{&quot;unit&quot;:&quot;px&quot;,&quot;size&quot;:10,&quot;sizes&quot;:[]},&quot;link_to&quot;:&quot;file&quot;,&quot;overlay_background&quot;:&quot;yes&quot;,&quot;content_hover_animation&quot;:&quot;fade-in&quot;}\" data-widget_type=\"gallery.default\">\n\t\t\t\t<div class=\"elementor-widget-container\">\n\t\t\t\t\t<div class=\"elementor-gallery__container\">\n\t\t\t\t\t\t\t<a class=\"e-gallery-item elementor-gallery-item elementor-animated-content\" href=\"https:\/\/www.annaramseier.com\/wp-content\/uploads\/2023\/06\/Abuja-anna-ramseier-scaled.jpg\" data-elementor-open-lightbox=\"yes\" data-elementor-lightbox-slideshow=\"18aaf583\" data-elementor-lightbox-title=\"Abuja - anna - ramseier\" data-e-action-hash=\"#elementor-action%3Aaction%3Dlightbox%26settings%3DeyJpZCI6MjcwMCwidXJsIjoiaHR0cHM6XC9cL3d3dy5hbm5hcmFtc2VpZXIuY29tXC93cC1jb250ZW50XC91cGxvYWRzXC8yMDIzXC8wNlwvQWJ1amEtYW5uYS1yYW1zZWllci1zY2FsZWQuanBnIiwic2xpZGVzaG93IjoiMThhYWY1ODMifQ%3D%3D\">\n\t\t\t\t\t<div class=\"e-gallery-image elementor-gallery-item__image\" data-thumbnail=\"https:\/\/www.annaramseier.com\/wp-content\/uploads\/2023\/06\/Abuja-anna-ramseier-1024x724.jpg\" data-width=\"800\" data-height=\"566\" aria-label=\"\" role=\"img\" ><\/div>\n\t\t\t\t\t\t\t\t\t\t\t<div class=\"elementor-gallery-item__overlay\"><\/div>\n\t\t\t\t\t\t\t\t\t\t\t\t\t\t<\/a>\n\t\t\t\t\t\t\t<a class=\"e-gallery-item elementor-gallery-item elementor-animated-content\" href=\"https:\/\/www.annaramseier.com\/wp-content\/uploads\/2023\/06\/Abuja-anna-ramseier-shapes--scaled.jpg\" data-elementor-open-lightbox=\"yes\" data-elementor-lightbox-slideshow=\"18aaf583\" data-elementor-lightbox-title=\"Abuja - anna - ramseier shapes\" data-e-action-hash=\"#elementor-action%3Aaction%3Dlightbox%26settings%3DeyJpZCI6MjY5OSwidXJsIjoiaHR0cHM6XC9cL3d3dy5hbm5hcmFtc2VpZXIuY29tXC93cC1jb250ZW50XC91cGxvYWRzXC8yMDIzXC8wNlwvQWJ1amEtYW5uYS1yYW1zZWllci1zaGFwZXMtLXNjYWxlZC5qcGciLCJzbGlkZXNob3ciOiIxOGFhZjU4MyJ9\">\n\t\t\t\t\t<div class=\"e-gallery-image elementor-gallery-item__image\" data-thumbnail=\"https:\/\/www.annaramseier.com\/wp-content\/uploads\/2023\/06\/Abuja-anna-ramseier-shapes--1024x724.jpg\" data-width=\"800\" data-height=\"566\" aria-label=\"\" role=\"img\" ><\/div>\n\t\t\t\t\t\t\t\t\t\t\t<div class=\"elementor-gallery-item__overlay\"><\/div>\n\t\t\t\t\t\t\t\t\t\t\t\t\t\t<\/a>\n\t\t\t\t\t\t\t<a class=\"e-gallery-item elementor-gallery-item elementor-animated-content\" href=\"https:\/\/www.annaramseier.com\/wp-content\/uploads\/2023\/06\/Abuja-anna-ramseier-sketches-scaled.jpg\" data-elementor-open-lightbox=\"yes\" data-elementor-lightbox-slideshow=\"18aaf583\" data-elementor-lightbox-title=\"Abuja - anna - ramseier - sketches\" data-e-action-hash=\"#elementor-action%3Aaction%3Dlightbox%26settings%3DeyJpZCI6MjY5OCwidXJsIjoiaHR0cHM6XC9cL3d3dy5hbm5hcmFtc2VpZXIuY29tXC93cC1jb250ZW50XC91cGxvYWRzXC8yMDIzXC8wNlwvQWJ1amEtYW5uYS1yYW1zZWllci1za2V0Y2hlcy1zY2FsZWQuanBnIiwic2xpZGVzaG93IjoiMThhYWY1ODMifQ%3D%3D\">\n\t\t\t\t\t<div class=\"e-gallery-image elementor-gallery-item__image\" data-thumbnail=\"https:\/\/www.annaramseier.com\/wp-content\/uploads\/2023\/06\/Abuja-anna-ramseier-sketches-1024x724.jpg\" data-width=\"800\" data-height=\"566\" aria-label=\"\" role=\"img\" ><\/div>\n\t\t\t\t\t\t\t\t\t\t\t<div class=\"elementor-gallery-item__overlay\"><\/div>\n\t\t\t\t\t\t\t\t\t\t\t\t\t\t<\/a>\n\t\t\t\t\t\t\t<a class=\"e-gallery-item elementor-gallery-item elementor-animated-content\" href=\"https:\/\/www.annaramseier.com\/wp-content\/uploads\/2023\/06\/Abuja-anna-ramseier-closeup-scaled.jpg\" data-elementor-open-lightbox=\"yes\" data-elementor-lightbox-slideshow=\"18aaf583\" data-elementor-lightbox-title=\"Abuja - anna - ramseier - closeup\" data-e-action-hash=\"#elementor-action%3Aaction%3Dlightbox%26settings%3DeyJpZCI6MjY5NywidXJsIjoiaHR0cHM6XC9cL3d3dy5hbm5hcmFtc2VpZXIuY29tXC93cC1jb250ZW50XC91cGxvYWRzXC8yMDIzXC8wNlwvQWJ1amEtYW5uYS1yYW1zZWllci1jbG9zZXVwLXNjYWxlZC5qcGciLCJzbGlkZXNob3ciOiIxOGFhZjU4MyJ9\">\n\t\t\t\t\t<div class=\"e-gallery-image elementor-gallery-item__image\" data-thumbnail=\"https:\/\/www.annaramseier.com\/wp-content\/uploads\/2023\/06\/Abuja-anna-ramseier-closeup-1024x545.jpg\" data-width=\"800\" data-height=\"426\" aria-label=\"\" role=\"img\" ><\/div>\n\t\t\t\t\t\t\t\t\t\t\t<div class=\"elementor-gallery-item__overlay\"><\/div>\n\t\t\t\t\t\t\t\t\t\t\t\t\t\t<\/a>\n\t\t\t\t\t\t\t<a class=\"e-gallery-item elementor-gallery-item elementor-animated-content\" href=\"https:\/\/www.annaramseier.com\/wp-content\/uploads\/2023\/06\/Abuja-anna-ramseier-alternate-scaled.jpg\" data-elementor-open-lightbox=\"yes\" data-elementor-lightbox-slideshow=\"18aaf583\" data-elementor-lightbox-title=\"Abuja - anna - ramseier - alternate\" data-e-action-hash=\"#elementor-action%3Aaction%3Dlightbox%26settings%3DeyJpZCI6MjcwMiwidXJsIjoiaHR0cHM6XC9cL3d3dy5hbm5hcmFtc2VpZXIuY29tXC93cC1jb250ZW50XC91cGxvYWRzXC8yMDIzXC8wNlwvQWJ1amEtYW5uYS1yYW1zZWllci1hbHRlcm5hdGUtc2NhbGVkLmpwZyIsInNsaWRlc2hvdyI6IjE4YWFmNTgzIn0%3D\">\n\t\t\t\t\t<div class=\"e-gallery-image elementor-gallery-item__image\" data-thumbnail=\"https:\/\/www.annaramseier.com\/wp-content\/uploads\/2023\/06\/Abuja-anna-ramseier-alternate-1024x724.jpg\" data-width=\"800\" data-height=\"566\" aria-label=\"\" role=\"img\" ><\/div>\n\t\t\t\t\t\t\t\t\t\t\t<div class=\"elementor-gallery-item__overlay\"><\/div>\n\t\t\t\t\t\t\t\t\t\t\t\t\t\t<\/a>\n\t\t\t\t\t\t\t<a class=\"e-gallery-item elementor-gallery-item elementor-animated-content\" href=\"https:\/\/www.annaramseier.com\/wp-content\/uploads\/2023\/06\/samurai-anna-ramseier-scaled.jpg\" data-elementor-open-lightbox=\"yes\" data-elementor-lightbox-slideshow=\"18aaf583\" data-elementor-lightbox-title=\"samurai-anna-ramseier\" data-e-action-hash=\"#elementor-action%3Aaction%3Dlightbox%26settings%3DeyJpZCI6MjcwMSwidXJsIjoiaHR0cHM6XC9cL3d3dy5hbm5hcmFtc2VpZXIuY29tXC93cC1jb250ZW50XC91cGxvYWRzXC8yMDIzXC8wNlwvc2FtdXJhaS1hbm5hLXJhbXNlaWVyLXNjYWxlZC5qcGciLCJzbGlkZXNob3ciOiIxOGFhZjU4MyJ9\">\n\t\t\t\t\t<div class=\"e-gallery-image elementor-gallery-item__image\" data-thumbnail=\"https:\/\/www.annaramseier.com\/wp-content\/uploads\/2023\/06\/samurai-anna-ramseier-1024x545.jpg\" data-width=\"800\" data-height=\"426\" aria-label=\"\" role=\"img\" ><\/div>\n\t\t\t\t\t\t\t\t\t\t\t<div class=\"elementor-gallery-item__overlay\"><\/div>\n\t\t\t\t\t\t\t\t\t\t\t\t\t\t<\/a>\n\t\t\t\t\t<\/div>\n\t\t\t<\/div>\n\t\t\t\t<\/div>\n\t\t\t\t\t<\/div>\n\t\t<\/div>\n\t\t\t\t\t<\/div>\n\t\t<\/section>\n\t\t\t\t<\/div>","protected":false},"excerpt":{"rendered":"<p>Abuja &#8211; The Ray of Truth Abjua was created as one of the main characters for the side scrolling game ANIIMA. ANIIMA is taking place within the psyche of a person. The player takes the role of a giant manta ray and its samurai friends, which are fighting their way into the heart of the [&hellip;]<\/p>","protected":false},"author":1,"featured_media":2713,"parent":0,"menu_order":0,"comment_status":"closed","ping_status":"closed","template":"","meta":{"footnotes":""},"class_list":["post-2695","page","type-page","status-publish","has-post-thumbnail","hentry"],"_links":{"self":[{"href":"https:\/\/www.annaramseier.com\/de\/wp-json\/wp\/v2\/pages\/2695","targetHints":{"allow":["GET"]}}],"collection":[{"href":"https:\/\/www.annaramseier.com\/de\/wp-json\/wp\/v2\/pages"}],"about":[{"href":"https:\/\/www.annaramseier.com\/de\/wp-json\/wp\/v2\/types\/page"}],"author":[{"embeddable":true,"href":"https:\/\/www.annaramseier.com\/de\/wp-json\/wp\/v2\/users\/1"}],"replies":[{"embeddable":true,"href":"https:\/\/www.annaramseier.com\/de\/wp-json\/wp\/v2\/comments?post=2695"}],"version-history":[{"count":16,"href":"https:\/\/www.annaramseier.com\/de\/wp-json\/wp\/v2\/pages\/2695\/revisions"}],"predecessor-version":[{"id":3276,"href":"https:\/\/www.annaramseier.com\/de\/wp-json\/wp\/v2\/pages\/2695\/revisions\/3276"}],"wp:featuredmedia":[{"embeddable":true,"href":"https:\/\/www.annaramseier.com\/de\/wp-json\/wp\/v2\/media\/2713"}],"wp:attachment":[{"href":"https:\/\/www.annaramseier.com\/de\/wp-json\/wp\/v2\/media?parent=2695"}],"curies":[{"name":"wp","href":"https:\/\/api.w.org\/{rel}","templated":true}]}}